{"id":11,"date":"2022-12-01T11:39:21","date_gmt":"2022-12-01T11:39:21","guid":{"rendered":"http:\/\/csjesa.univnt.ro\/?page_id=11"},"modified":"2022-12-21T11:46:35","modified_gmt":"2022-12-21T11:46:35","slug":"acasa","status":"publish","type":"page","link":"https:\/\/csjesa.univnt.ro\/","title":{"rendered":"Acas\u0103"},"content":{"rendered":"\t\t<div data-elementor-type=\"wp-page\" data-elementor-id=\"11\" class=\"elementor elementor-11\">\n\t\t\t\t\t\t<section class=\"elementor-section elementor-top-section elementor-element elementor-element-8a9b8b9 elementor-section-boxed elementor-section-height-default elementor-section-height-default\" data-id=\"8a9b8b9\" data-element_type=\"section\">\n\t\t\t\t\t\t<div class=\"elementor-container elementor-column-gap-default\">\n\t\t\t\t\t<div class=\"elementor-column elementor-col-100 elementor-top-column elementor-element elementor-element-230ab37\" data-id=\"230ab37\" data-element_type=\"column\">\n\t\t\t<div class=\"elementor-widget-wrap elementor-element-populated\">\n\t\t\t\t\t\t<div class=\"elementor-element elementor-element-2901d9d elementor-widget elementor-widget-image\" data-id=\"2901d9d\" data-element_type=\"widget\" data-widget_type=\"image.default\">\n\t\t\t\t<div class=\"elementor-widget-container\">\n\t\t\t<style>\/*! elementor - v3.21.0 - 18-04-2024 *\/\n.elementor-widget-image{text-align:center}.elementor-widget-image a{display:inline-block}.elementor-widget-image a img[src$=\".svg\"]{width:48px}.elementor-widget-image img{vertical-align:middle;display:inline-block}<\/style>\t\t\t\t\t\t\t\t\t\t<img fetchpriority=\"high\" decoding=\"async\" width=\"800\" height=\"534\" src=\"https:\/\/csjesa.univnt.ro\/wp-content\/uploads\/2022\/12\/alvaro-serrano-hjwKMkehBco-unsplash-1024x683-1.jpg\" class=\"attachment-large size-large wp-image-78\" alt=\"\" srcset=\"https:\/\/csjesa.univnt.ro\/wp-content\/uploads\/2022\/12\/alvaro-serrano-hjwKMkehBco-unsplash-1024x683-1.jpg 1024w, https:\/\/csjesa.univnt.ro\/wp-content\/uploads\/2022\/12\/alvaro-serrano-hjwKMkehBco-unsplash-1024x683-1-300x200.jpg 300w, https:\/\/csjesa.univnt.ro\/wp-content\/uploads\/2022\/12\/alvaro-serrano-hjwKMkehBco-unsplash-1024x683-1-768x512.jpg 768w\" sizes=\"(max-width: 800px) 100vw, 800px\" \/>\t\t\t\t\t\t\t\t\t\t\t\t\t<\/div>\n\t\t\t\t<\/div>\n\t\t\t\t\t<\/div>\n\t\t<\/div>\n\t\t\t\t\t<\/div>\n\t\t<\/section>\n\t\t\t\t<section class=\"elementor-section elementor-top-section elementor-element elementor-element-379882d elementor-section-boxed elementor-section-height-default elementor-section-height-default\" data-id=\"379882d\" data-element_type=\"section\">\n\t\t\t\t\t\t<div class=\"elementor-container elementor-column-gap-default\">\n\t\t\t\t\t<div class=\"elementor-column elementor-col-100 elementor-top-column elementor-element elementor-element-2954786\" data-id=\"2954786\" data-element_type=\"column\">\n\t\t\t<div class=\"elementor-widget-wrap elementor-element-populated\">\n\t\t\t\t\t\t<div class=\"elementor-element elementor-element-84e80bb elementor-widget elementor-widget-text-editor\" data-id=\"84e80bb\" data-element_type=\"widget\" data-widget_type=\"text-editor.default\">\n\t\t\t\t<div class=\"elementor-widget-container\">\n\t\t\t<style>\/*! elementor - v3.21.0 - 18-04-2024 *\/\n.elementor-widget-text-editor.elementor-drop-cap-view-stacked .elementor-drop-cap{background-color:#69727d;color:#fff}.elementor-widget-text-editor.elementor-drop-cap-view-framed .elementor-drop-cap{color:#69727d;border:3px solid;background-color:transparent}.elementor-widget-text-editor:not(.elementor-drop-cap-view-default) .elementor-drop-cap{margin-top:8px}.elementor-widget-text-editor:not(.elementor-drop-cap-view-default) .elementor-drop-cap-letter{width:1em;height:1em}.elementor-widget-text-editor .elementor-drop-cap{float:left;text-align:center;line-height:1;font-size:50px}.elementor-widget-text-editor .elementor-drop-cap-letter{display:inline-block}<\/style>\t\t\t\t<p>\u00cen Universitatea \u201eNicolae Titulescu\u201d din Bucure\u015fti, cadrele didactice desf\u0103\u015foar\u0103 o activitate \u015ftiin\u0163ific\u0103 fructuoas\u0103, \u00een cadrul Centrului de Studii Juridice, Economice \u015fi Socio-Administrative (CSJESA).\u00a0<strong><em>CSJESA\u00a0<\/em><\/strong>este atestat s\u0103 desf\u0103\u015foare activit\u0103\u0163i de cercetare-dezvoltare prin Decizia Autorit\u0103\u0163ii Na\u0163ionale pentru Cercetare \u015etiin\u0163ific\u0103 nr. 9696\/14.07.2008.\u00a0<\/p><p>Rezultatele acestei activit\u0103\u0163i se reg\u0103sesc \u00een publicarea a numeroase tratate, cursuri \u015fi monografii de specialitate, la edituri importante din \u0163ar\u0103. De asemenea, membrii\u00a0<strong><em>CSJESA\u00a0<\/em><\/strong>particip\u0103 cu studii de specialitate publicate \u00een reviste de profil, na\u0163ionale \u015fi internationale, indexate \u00een prestigioase baze de date (Thomson Reuters, Index Copernicus, CEEOL, EBSCO CEEAS, etc).<\/p><p>Component\u0103 important\u0103 a activit\u0103\u0163ii de cercetare-dezvoltare o reprezint\u0103 proiectele de cercetare, finan\u0163ate at\u00e2t din fonduri publice, pe baz\u0103 de concurs, c\u00e2t \u015fi proiectele de cercetare finan\u0163ate din fonduri private, na\u0163ionale sau internationale.<\/p>\t\t\t\t\t\t<\/div>\n\t\t\t\t<\/div>\n\t\t\t\t<div class=\"elementor-element elementor-element-2426511 elementor-widget elementor-widget-toggle\" data-id=\"2426511\" data-element_type=\"widget\" data-widget_type=\"toggle.default\">\n\t\t\t\t<div class=\"elementor-widget-container\">\n\t\t\t<style>\/*! elementor - v3.21.0 - 18-04-2024 *\/\n.elementor-toggle{text-align:start}.elementor-toggle .elementor-tab-title{font-weight:700;line-height:1;margin:0;padding:15px;border-bottom:1px solid #d5d8dc;cursor:pointer;outline:none}.elementor-toggle .elementor-tab-title .elementor-toggle-icon{display:inline-block;width:1em}.elementor-toggle .elementor-tab-title .elementor-toggle-icon svg{margin-inline-start:-5px;width:1em;height:1em}.elementor-toggle .elementor-tab-title .elementor-toggle-icon.elementor-toggle-icon-right{float:right;text-align:right}.elementor-toggle .elementor-tab-title .elementor-toggle-icon.elementor-toggle-icon-left{float:left;text-align:left}.elementor-toggle .elementor-tab-title .elementor-toggle-icon .elementor-toggle-icon-closed{display:block}.elementor-toggle .elementor-tab-title .elementor-toggle-icon .elementor-toggle-icon-opened{display:none}.elementor-toggle .elementor-tab-title.elementor-active{border-bottom:none}.elementor-toggle .elementor-tab-title.elementor-active .elementor-toggle-icon-closed{display:none}.elementor-toggle .elementor-tab-title.elementor-active .elementor-toggle-icon-opened{display:block}.elementor-toggle .elementor-tab-content{padding:15px;border-bottom:1px solid #d5d8dc;display:none}@media (max-width:767px){.elementor-toggle .elementor-tab-title{padding:12px}.elementor-toggle .elementor-tab-content{padding:12px 10px}}.e-con-inner>.elementor-widget-toggle,.e-con>.elementor-widget-toggle{width:var(--container-widget-width);--flex-grow:var(--container-widget-flex-grow)}<\/style>\t\t<div class=\"elementor-toggle\">\n\t\t\t\t\t\t\t<div class=\"elementor-toggle-item\">\n\t\t\t\t\t<div id=\"elementor-tab-title-3791\" class=\"elementor-tab-title\" data-tab=\"1\" role=\"button\" aria-controls=\"elementor-tab-content-3791\" aria-expanded=\"false\">\n\t\t\t\t\t\t\t\t\t\t\t\t<span class=\"elementor-toggle-icon elementor-toggle-icon-left\" aria-hidden=\"true\">\n\t\t\t\t\t\t\t\t\t\t\t\t\t\t\t<span class=\"elementor-toggle-icon-closed\"><i class=\"fas fa-caret-right\"><\/i><\/span>\n\t\t\t\t\t\t\t\t<span class=\"elementor-toggle-icon-opened\"><i class=\"elementor-toggle-icon-opened fas fa-caret-up\"><\/i><\/span>\n\t\t\t\t\t\t\t\t\t\t\t\t\t<\/span>\n\t\t\t\t\t\t\t\t\t\t\t\t<a class=\"elementor-toggle-title\" tabindex=\"0\">Cite\u0219te mai mult....<\/a>\n\t\t\t\t\t<\/div>\n\n\t\t\t\t\t<div id=\"elementor-tab-content-3791\" class=\"elementor-tab-content elementor-clearfix\" data-tab=\"1\" role=\"region\" aria-labelledby=\"elementor-tab-title-3791\"><p style=\"text-align: justify;\">Astfel, \u00een decursul ultimilor ani, \u00een cadrul\u00a0<strong><em>CSJESA\u00a0<\/em><\/strong>au fost implementate proiecte importante cum ar fi\u00a0<em>Prevenirea \u015fi combaterea traficului \u015fi consumului ilicit de droguri \u00een perspectiva integr\u0103rii \u00een Uniunea European\u0103. M\u0103suri de eficientizare a prevenirii \u015fi combaterii\u00a0<\/em>(contract de cercetare nr. 35\/2006 , \u00eencheiat cu Unitatea Executiv\u0103 pentru Finan\u0163area \u00cenv\u0103\u0163\u0103m\u00e2ntului Superior \u015fi a Cercet\u0103rii \u015etiin\u0163ifice Universitare), <em>Procesul penal \u00een Romania, \u00eentre celeritate \u015fi legalitate\u00a0<\/em>(contract de cercetare nr. 727\/2007, \u00eencheiat cu Unitatea Executiv\u0103 pentru Finan\u0163area \u00cenv\u0103\u0163\u0103m\u00e2ntului Superior \u015fi a Cercet\u0103rii \u015etiin\u0163ifice Universitare), <em>Fundamentele dreptului penal al Uniunii Europene\u00a0<\/em>(contract de cercetare nr. 27\/2010, \u00eencheiat cu Unitatea Executiv\u0103 pentru Finan\u0163area \u00cenv\u0103\u0163\u0103m\u00e2ntului Superior \u015fi a Cercet\u0103rii \u015etiin\u0163ifice Universitare), <em>Uniformizarea practicii judiciare \u015fi armonizarea cu jurispruden\u0163a CEDO, imperativ al\u00a0 \u00eenf\u0103ptuirii justi\u0163iei.<\/em><\/p><p style=\"text-align: justify;\">Component\u0103 esen\u0163ial\u0103 a cercet\u0103rii-dezvolt\u0103rii \u00een Universitatea \u201cNicolae Titulescu\u201d o reprezint\u0103 \u015fi organizarea anual\u0103 a\u00a0<strong><em>CKS<\/em><\/strong>, conferin\u0163a \u015ftiin\u0163ific\u0103 international\u0103 \u201cChallenges of the Knowledge Society\u201d, manifestare \u015ftiin\u0163ific\u0103 ce \u015fi-a c\u00e2\u015ftigat un loc binemeritat \u00een r\u00e2ndul evenimentelor dedicate \u015ftiin\u0163elor sociale. Din anul 2009, volumul conferin\u0163ei,\u00a0<strong><em>CKS eBook<\/em><\/strong>, este indexat \u00een prestigioasa baz\u0103 de date international EBSCO CEEAS.<\/p><p>\u00cen aceea\u015fi direc\u0163ie, a \u00eencuraj\u0103rii activit\u0103\u0163ilor de cercetare, viz\u00e2nd \u00eens\u0103 segmentul tinerilor cercet\u0103tori, a fost organizat\u0103 Conferin\u0163a Studen\u0163easc\u0103 Anual\u0103 \u201cNicolae Titulescu\u201d,\u00a0<strong><em>CONSTANT<\/em><\/strong>, manifestare \u015ftiin\u0163ific\u0103 dedicat\u0103 studen\u0163ilor \u015fi masteranzilor, organizat\u0103 \u00een parteneriat cu Universitatea din Miskolc, Ungaria.<\/p><\/div>\n\t\t\t\t<\/div>\n\t\t\t\t\t\t\t\t<\/div>\n\t\t\t\t<\/div>\n\t\t\t\t<\/div>\n\t\t\t\t\t<\/div>\n\t\t<\/div>\n\t\t\t\t\t<\/div>\n\t\t<\/section>\n\t\t\t\t<\/div>\n\t\t","protected":false},"excerpt":{"rendered":"<p>\u00cen Universitatea \u201eNicolae Titulescu\u201d din Bucure\u015fti, cadrele didactice desf\u0103\u015foar\u0103 o activitate \u015ftiin\u0163ific\u0103 fructuoas\u0103, \u00een cadrul Centrului de Studii Juridice, Economice \u015fi Socio-Administrative (CSJESA).\u00a0CSJESA\u00a0este atestat s\u0103 desf\u0103\u015foare activit\u0103\u0163i de cercetare-dezvoltare prin Decizia Autorit\u0103\u0163ii Na\u0163ionale pentru Cercetare \u015etiin\u0163ific\u0103 nr. 9696\/14.07.2008.\u00a0 Rezultatele acestei activit\u0103\u0163i se reg\u0103sesc \u00een publicarea a numeroase tratate, cursuri \u015fi monografii de specialitate, la edituri [&hellip;]<\/p>\n","protected":false},"author":1,"featured_media":0,"parent":0,"menu_order":0,"comment_status":"closed","ping_status":"closed","template":"","meta":{"footnotes":""},"yoast_head":"<!-- This site is optimized with the Yoast SEO plugin v22.5 - https:\/\/yoast.com\/wordpress\/plugins\/seo\/ -->\n<title>Acas\u0103 - CSJESA - Centrul de Studii Juridice, Economice \u015fi Socio-Administrative<\/title>\n<meta name=\"robots\" content=\"index, follow, max-snippet:-1, max-image-preview:large, max-video-preview:-1\" \/>\n<link rel=\"canonical\" href=\"https:\/\/csjesa.univnt.ro\/\" \/>\n<meta property=\"og:locale\" content=\"en_US\" \/>\n<meta property=\"og:type\" content=\"article\" \/>\n<meta property=\"og:title\" content=\"Acas\u0103 - CSJESA - Centrul de Studii Juridice, Economice \u015fi Socio-Administrative\" \/>\n<meta property=\"og:description\" content=\"\u00cen Universitatea \u201eNicolae Titulescu\u201d din Bucure\u015fti, cadrele didactice desf\u0103\u015foar\u0103 o activitate \u015ftiin\u0163ific\u0103 fructuoas\u0103, \u00een cadrul Centrului de Studii Juridice, Economice \u015fi Socio-Administrative (CSJESA).\u00a0CSJESA\u00a0este atestat s\u0103 desf\u0103\u015foare activit\u0103\u0163i de cercetare-dezvoltare prin Decizia Autorit\u0103\u0163ii Na\u0163ionale pentru Cercetare \u015etiin\u0163ific\u0103 nr. 9696\/14.07.2008.\u00a0 Rezultatele acestei activit\u0103\u0163i se reg\u0103sesc \u00een publicarea a numeroase tratate, cursuri \u015fi monografii de specialitate, la edituri [&hellip;]\" \/>\n<meta property=\"og:url\" content=\"https:\/\/csjesa.univnt.ro\/\" \/>\n<meta property=\"og:site_name\" content=\"CSJESA - Centrul de Studii Juridice, Economice \u015fi Socio-Administrative\" \/>\n<meta property=\"article:modified_time\" content=\"2022-12-21T11:46:35+00:00\" \/>\n<meta property=\"og:image\" content=\"http:\/\/csjesa.univnt.ro\/wp-content\/uploads\/2022\/12\/alvaro-serrano-hjwKMkehBco-unsplash-1024x683-1.jpg\" \/>\n<meta name=\"twitter:card\" content=\"summary_large_image\" \/>\n<meta name=\"twitter:label1\" content=\"Est. reading time\" \/>\n\t<meta name=\"twitter:data1\" content=\"2 minutes\" \/>\n<script type=\"application\/ld+json\" class=\"yoast-schema-graph\">{\"@context\":\"https:\/\/schema.org\",\"@graph\":[{\"@type\":\"WebPage\",\"@id\":\"https:\/\/csjesa.univnt.ro\/\",\"url\":\"https:\/\/csjesa.univnt.ro\/\",\"name\":\"Acas\u0103 - CSJESA - Centrul de Studii Juridice, Economice \u015fi Socio-Administrative\",\"isPartOf\":{\"@id\":\"https:\/\/csjesa.univnt.ro\/#website\"},\"primaryImageOfPage\":{\"@id\":\"https:\/\/csjesa.univnt.ro\/#primaryimage\"},\"image\":{\"@id\":\"https:\/\/csjesa.univnt.ro\/#primaryimage\"},\"thumbnailUrl\":\"http:\/\/csjesa.univnt.ro\/wp-content\/uploads\/2022\/12\/alvaro-serrano-hjwKMkehBco-unsplash-1024x683-1.jpg\",\"datePublished\":\"2022-12-01T11:39:21+00:00\",\"dateModified\":\"2022-12-21T11:46:35+00:00\",\"breadcrumb\":{\"@id\":\"https:\/\/csjesa.univnt.ro\/#breadcrumb\"},\"inLanguage\":\"en-US\",\"potentialAction\":[{\"@type\":\"ReadAction\",\"target\":[\"https:\/\/csjesa.univnt.ro\/\"]}]},{\"@type\":\"ImageObject\",\"inLanguage\":\"en-US\",\"@id\":\"https:\/\/csjesa.univnt.ro\/#primaryimage\",\"url\":\"http:\/\/csjesa.univnt.ro\/wp-content\/uploads\/2022\/12\/alvaro-serrano-hjwKMkehBco-unsplash-1024x683-1.jpg\",\"contentUrl\":\"http:\/\/csjesa.univnt.ro\/wp-content\/uploads\/2022\/12\/alvaro-serrano-hjwKMkehBco-unsplash-1024x683-1.jpg\"},{\"@type\":\"BreadcrumbList\",\"@id\":\"https:\/\/csjesa.univnt.ro\/#breadcrumb\",\"itemListElement\":[{\"@type\":\"ListItem\",\"position\":1,\"name\":\"Acas\u0103\",\"item\":\"https:\/\/csjesa.univnt.ro\/\"},{\"@type\":\"ListItem\",\"position\":2,\"name\":\"Acas\u0103\"}]},{\"@type\":\"WebSite\",\"@id\":\"https:\/\/csjesa.univnt.ro\/#website\",\"url\":\"https:\/\/csjesa.univnt.ro\/\",\"name\":\"CSJESA - Centrul de Studii Juridice, Economice \u015fi Socio-Administrative\",\"description\":\"Centrul de Studii Juridice, Economice \u015fi Socio-Administrative CSJESA\",\"publisher\":{\"@id\":\"https:\/\/csjesa.univnt.ro\/#organization\"},\"potentialAction\":[{\"@type\":\"SearchAction\",\"target\":{\"@type\":\"EntryPoint\",\"urlTemplate\":\"https:\/\/csjesa.univnt.ro\/?s={search_term_string}\"},\"query-input\":\"required name=search_term_string\"}],\"inLanguage\":\"en-US\"},{\"@type\":\"Organization\",\"@id\":\"https:\/\/csjesa.univnt.ro\/#organization\",\"name\":\"CSJESA - Centrul de Studii Juridice, Economice \u015fi Socio-Administrative\",\"url\":\"https:\/\/csjesa.univnt.ro\/\",\"logo\":{\"@type\":\"ImageObject\",\"inLanguage\":\"en-US\",\"@id\":\"https:\/\/csjesa.univnt.ro\/#\/schema\/logo\/image\/\",\"url\":\"https:\/\/csjesa.univnt.ro\/wp-content\/uploads\/2022\/12\/cropped-logo-univnt.png\",\"contentUrl\":\"https:\/\/csjesa.univnt.ro\/wp-content\/uploads\/2022\/12\/cropped-logo-univnt.png\",\"width\":190,\"height\":190,\"caption\":\"CSJESA - Centrul de Studii Juridice, Economice \u015fi Socio-Administrative\"},\"image\":{\"@id\":\"https:\/\/csjesa.univnt.ro\/#\/schema\/logo\/image\/\"}}]}<\/script>\n<!-- \/ Yoast SEO plugin. -->","yoast_head_json":{"title":"Acas\u0103 - CSJESA - Centrul de Studii Juridice, Economice \u015fi Socio-Administrative","robots":{"index":"index","follow":"follow","max-snippet":"max-snippet:-1","max-image-preview":"max-image-preview:large","max-video-preview":"max-video-preview:-1"},"canonical":"https:\/\/csjesa.univnt.ro\/","og_locale":"en_US","og_type":"article","og_title":"Acas\u0103 - CSJESA - Centrul de Studii Juridice, Economice \u015fi Socio-Administrative","og_description":"\u00cen Universitatea \u201eNicolae Titulescu\u201d din Bucure\u015fti, cadrele didactice desf\u0103\u015foar\u0103 o activitate \u015ftiin\u0163ific\u0103 fructuoas\u0103, \u00een cadrul Centrului de Studii Juridice, Economice \u015fi Socio-Administrative (CSJESA).\u00a0CSJESA\u00a0este atestat s\u0103 desf\u0103\u015foare activit\u0103\u0163i de cercetare-dezvoltare prin Decizia Autorit\u0103\u0163ii Na\u0163ionale pentru Cercetare \u015etiin\u0163ific\u0103 nr. 9696\/14.07.2008.\u00a0 Rezultatele acestei activit\u0103\u0163i se reg\u0103sesc \u00een publicarea a numeroase tratate, cursuri \u015fi monografii de specialitate, la edituri [&hellip;]","og_url":"https:\/\/csjesa.univnt.ro\/","og_site_name":"CSJESA - Centrul de Studii Juridice, Economice \u015fi Socio-Administrative","article_modified_time":"2022-12-21T11:46:35+00:00","og_image":[{"url":"http:\/\/csjesa.univnt.ro\/wp-content\/uploads\/2022\/12\/alvaro-serrano-hjwKMkehBco-unsplash-1024x683-1.jpg"}],"twitter_card":"summary_large_image","twitter_misc":{"Est. reading time":"2 minutes"},"schema":{"@context":"https:\/\/schema.org","@graph":[{"@type":"WebPage","@id":"https:\/\/csjesa.univnt.ro\/","url":"https:\/\/csjesa.univnt.ro\/","name":"Acas\u0103 - CSJESA - Centrul de Studii Juridice, Economice \u015fi Socio-Administrative","isPartOf":{"@id":"https:\/\/csjesa.univnt.ro\/#website"},"primaryImageOfPage":{"@id":"https:\/\/csjesa.univnt.ro\/#primaryimage"},"image":{"@id":"https:\/\/csjesa.univnt.ro\/#primaryimage"},"thumbnailUrl":"http:\/\/csjesa.univnt.ro\/wp-content\/uploads\/2022\/12\/alvaro-serrano-hjwKMkehBco-unsplash-1024x683-1.jpg","datePublished":"2022-12-01T11:39:21+00:00","dateModified":"2022-12-21T11:46:35+00:00","breadcrumb":{"@id":"https:\/\/csjesa.univnt.ro\/#breadcrumb"},"inLanguage":"en-US","potentialAction":[{"@type":"ReadAction","target":["https:\/\/csjesa.univnt.ro\/"]}]},{"@type":"ImageObject","inLanguage":"en-US","@id":"https:\/\/csjesa.univnt.ro\/#primaryimage","url":"http:\/\/csjesa.univnt.ro\/wp-content\/uploads\/2022\/12\/alvaro-serrano-hjwKMkehBco-unsplash-1024x683-1.jpg","contentUrl":"http:\/\/csjesa.univnt.ro\/wp-content\/uploads\/2022\/12\/alvaro-serrano-hjwKMkehBco-unsplash-1024x683-1.jpg"},{"@type":"BreadcrumbList","@id":"https:\/\/csjesa.univnt.ro\/#breadcrumb","itemListElement":[{"@type":"ListItem","position":1,"name":"Acas\u0103","item":"https:\/\/csjesa.univnt.ro\/"},{"@type":"ListItem","position":2,"name":"Acas\u0103"}]},{"@type":"WebSite","@id":"https:\/\/csjesa.univnt.ro\/#website","url":"https:\/\/csjesa.univnt.ro\/","name":"CSJESA - Centrul de Studii Juridice, Economice \u015fi Socio-Administrative","description":"Centrul de Studii Juridice, Economice \u015fi Socio-Administrative CSJESA","publisher":{"@id":"https:\/\/csjesa.univnt.ro\/#organization"},"potentialAction":[{"@type":"SearchAction","target":{"@type":"EntryPoint","urlTemplate":"https:\/\/csjesa.univnt.ro\/?s={search_term_string}"},"query-input":"required name=search_term_string"}],"inLanguage":"en-US"},{"@type":"Organization","@id":"https:\/\/csjesa.univnt.ro\/#organization","name":"CSJESA - Centrul de Studii Juridice, Economice \u015fi Socio-Administrative","url":"https:\/\/csjesa.univnt.ro\/","logo":{"@type":"ImageObject","inLanguage":"en-US","@id":"https:\/\/csjesa.univnt.ro\/#\/schema\/logo\/image\/","url":"https:\/\/csjesa.univnt.ro\/wp-content\/uploads\/2022\/12\/cropped-logo-univnt.png","contentUrl":"https:\/\/csjesa.univnt.ro\/wp-content\/uploads\/2022\/12\/cropped-logo-univnt.png","width":190,"height":190,"caption":"CSJESA - Centrul de Studii Juridice, Economice \u015fi Socio-Administrative"},"image":{"@id":"https:\/\/csjesa.univnt.ro\/#\/schema\/logo\/image\/"}}]}},"_links":{"self":[{"href":"https:\/\/csjesa.univnt.ro\/index.php\/wp-json\/wp\/v2\/pages\/11"}],"collection":[{"href":"https:\/\/csjesa.univnt.ro\/index.php\/wp-json\/wp\/v2\/pages"}],"about":[{"href":"https:\/\/csjesa.univnt.ro\/index.php\/wp-json\/wp\/v2\/types\/page"}],"author":[{"embeddable":true,"href":"https:\/\/csjesa.univnt.ro\/index.php\/wp-json\/wp\/v2\/users\/1"}],"replies":[{"embeddable":true,"href":"https:\/\/csjesa.univnt.ro\/index.php\/wp-json\/wp\/v2\/comments?post=11"}],"version-history":[{"count":14,"href":"https:\/\/csjesa.univnt.ro\/index.php\/wp-json\/wp\/v2\/pages\/11\/revisions"}],"predecessor-version":[{"id":967,"href":"https:\/\/csjesa.univnt.ro\/index.php\/wp-json\/wp\/v2\/pages\/11\/revisions\/967"}],"wp:attachment":[{"href":"https:\/\/csjesa.univnt.ro\/index.php\/wp-json\/wp\/v2\/media?parent=11"}],"curies":[{"name":"wp","href":"https:\/\/api.w.org\/{rel}","templated":true}]}}