{"id":17,"date":"2022-12-01T11:41:14","date_gmt":"2022-12-01T11:41:14","guid":{"rendered":"http:\/\/csjesa.univnt.ro\/?page_id=17"},"modified":"2023-05-02T11:53:48","modified_gmt":"2023-05-02T11:53:48","slug":"proiecte","status":"publish","type":"page","link":"https:\/\/csjesa.univnt.ro\/index.php\/proiecte\/","title":{"rendered":"Manifest\u0103ri \u0219tiin\u021bifice. Proiecte"},"content":{"rendered":"\t\t<div data-elementor-type=\"wp-page\" data-elementor-id=\"17\" class=\"elementor elementor-17\">\n\t\t\t\t\t\t<section class=\"elementor-section elementor-top-section elementor-element elementor-element-790b889 elementor-section-boxed elementor-section-height-default elementor-section-height-default\" data-id=\"790b889\" data-element_type=\"section\">\n\t\t\t\t\t\t<div class=\"elementor-container elementor-column-gap-default\">\n\t\t\t\t\t<div class=\"elementor-column elementor-col-100 elementor-top-column elementor-element elementor-element-f92587b\" data-id=\"f92587b\" data-element_type=\"column\">\n\t\t\t<div class=\"elementor-widget-wrap elementor-element-populated\">\n\t\t\t\t\t\t<div class=\"elementor-element elementor-element-489117f elementor-widget elementor-widget-text-editor\" data-id=\"489117f\" data-element_type=\"widget\" data-widget_type=\"text-editor.default\">\n\t\t\t\t<div class=\"elementor-widget-container\">\n\t\t\t<style>\/*! elementor - v3.21.0 - 18-04-2024 *\/\n.elementor-widget-text-editor.elementor-drop-cap-view-stacked .elementor-drop-cap{background-color:#69727d;color:#fff}.elementor-widget-text-editor.elementor-drop-cap-view-framed .elementor-drop-cap{color:#69727d;border:3px solid;background-color:transparent}.elementor-widget-text-editor:not(.elementor-drop-cap-view-default) .elementor-drop-cap{margin-top:8px}.elementor-widget-text-editor:not(.elementor-drop-cap-view-default) .elementor-drop-cap-letter{width:1em;height:1em}.elementor-widget-text-editor .elementor-drop-cap{float:left;text-align:center;line-height:1;font-size:50px}.elementor-widget-text-editor .elementor-drop-cap-letter{display:inline-block}<\/style>\t\t\t\t<p>\u00cen decursul ultimilor ani, \u00een cadrul C.S.J.E.S.A. au fost implementate proiecte importante finantate din fonduri publice, dar si proiecte finantate de mediul privat de afaceri.<br \/><br \/>\u00cen acest sens, pot fi mentionate urmatoarele proiecte de cercetare-dezvoltare:<br \/><br \/>\u00a0\u00a0\u00a0\u00a0\u00a0<strong>&#8211;\u00a0<\/strong><strong>Proiectul Preg\u0103tire practic\u0103 pentru competitivitate pe pia\u0163a muncii<\/strong>,\u00a0 este o aplica\u0163ie pe programul operational sectorial Dezvoltarea resurselor umane, Axa prioritara 2 \u2013 Corelarea invatarii pe tot parcursul vietii cu piata muncii, DMI 2.1. Tranzitia de la \u015fcoal\u0103 la via\u0163a activ\u0103. Beneficiar este Universitatea \u201cNicolae Titulescu\u201d din Bucure\u015fti iar partener este Universitatea \u201cAthenaeum\u201d. Obiectivul general al proiectului \u00eei reprezint\u0103 dezvoltarea aptitudinilor de munca pentru studentii din invatamantul economic superior, in scopul cresterii nivelului de calificare si a unei insertii mai rapide pe piata muncii precum si corelarea cunostintelor teoretice cu cele practice. Proiectul vizeaz\u0103, corelarea sistemului de formare profesional\u0103 cu dinamica pie\u0163ei muncii, prin activit\u0103\u0163ile de practic\u0103 studenteasc\u0103 desf\u0103\u015furate la unita\u0163i economice reprezentative din domeniile de interes.<br \/><br \/>\u00a0\u00a0\u00a0\u00a0\u00a0<strong>&#8211; Prevenirea si combaterea traficului si consumului ilicit de droguri \u00een perspectiva integrarii \u00een Uniunea Europeana. Masuri de eficientizare a prevenirii si combaterii &#8211; contract de cercetare nr. 35\/2006, \u00eencheiat cu Unitatea Executiva pentru Finantarea \u00cenvatam\u00e2ntului Superior si a Cercetarii Stiintifice Universitare<\/strong>; echipa de cercetare a fost formata din prof. univ. dr. Traian Dima (Universitatea \u201eNicolae Titulescu\u201d, director de proiect), prof. univ. dr. Augustin Fuerea (Universitatea \u201eNicolae Titulescu\u201d), lect. univ. dr. Mihai Adrian Hotca (Universitatea \u201eNicolae Titulescu\u201d), lect. univ. dr. Norel Neagu (Universitatea \u201eNicolae Titulescu\u201d) si Alexandru Cristian Marin; rezultatele cercetarii stiintifice s-au concretizat \u00een publicarea lucrarii \u201ePrevenirea si combaterea traficului si consumului de droguri \u00een Rom\u00e2nia\u201d, Editura Hamangiu, Bucuresti, 2008, Vol. I-Vol. II, ISBN 978-973-1836-89-8<br \/><br \/>\u00a0\u00a0\u00a0\u00a0\u00a0<strong>&#8211;\u00a0<\/strong><strong>Procesul penal \u00een Rom\u00e2nia, \u00eentre celeritate si legalitate (contract de cercetare nr. 727\/2007, \u00eencheiat cu Unitatea Executiva pentru Finantarea \u00cenvatam\u00e2ntului Superior si a Cercetarii Stiintifice Universitare)<\/strong>; echipa de cercetare a fost formata din prof. univ. dr. Ion Neagu (Universitatea &#8220;Nicolae Titulescu&#8221;, director de proiect), prof. univ. dr. Carmen Silvia Paraschiv (Universitatea \u201eTitu Maiorescu\u201d), lect. univ. dr. Mircea Damaschin (Universitatea \u201eNicolae Titulescu\u201d), lect. univ. dr. Mirela Gorunescu (Academia de Politie \u201eAlexandru Ioan Cuza\u201d) si Sorin Tanase (Ministerul Justitiei);<br \/><br \/>\u00a0\u00a0\u00a0\u00a0\u00a0<strong>&#8211;\u00a0<\/strong><strong>Uniformizarea practicii judiciare si armonizarea cu jurisprudenta CEDO &#8211; imperativ al \u00eenfaptuirii justitiei Propuneri legislative privind asigurarea unei practici judiciare unitare (contract de cercetare nr. 860\/2009, \u00eencheiat cu Unitatea Executiva pentru Finantarea \u00cenvatam\u00e2ntului Superior si a Cercetarii Stiintifice Universitare)<\/strong>; echipa de cercetare este formata din prof. univ. dr. Mihai Adrian Hotca (Universitatea \u201eNicolae Titulescu\u201d, director de proiect), conf. univ. dr. Dan Lupascu (Universitatea &#8220;Nicolae Titulescu&#8221;), conf. univ. dr. Mircea Damaschin (Universitatea \u201eNicolae Titulescu\u201d), conf. univ. dr. Beatrice Onica-Jarka (Universitatea \u201eNicolae Titulescu\u201d);<br \/><br \/>\u00a0\u00a0\u00a0\u00a0\u00a0<strong>&#8211;\u00a0<\/strong><strong>Fundamentele dreptului penal al Uniunii Europene (contract de cercetare nr. 27\/2010, \u00eencheiat cu Unitatea Executiva pentru Finantarea \u00cenvatam\u00e2ntului Superior si a Cercetarii Stiintifice Universitare);<\/strong>\u00a0echipa de cercetare este formata din lect. univ. dr. Norel Neagu (Universitatea \u201eNicolae Titulescu\u201d, director de proiect), cercetator Tudor Avrigeanu (Academia Rom\u00e2na) si prep. univ. dr. Lamya Diana Al-Kawadri (Universitatea \u201eNicolae Titulescu\u201d);<br \/><br \/>\u00a0\u00a0\u00a0\u00a0\u00a0<strong>&#8211;\u00a0<\/strong><strong>Integrarea european\u0103 &#8211; scenarii de convergen\u0163\u0103 macroeconomic\u0103<\/strong>. Evalu\u0103ri ale costurilor integr\u0103rii. Proiectul a fost finan\u0163at\u0103 prin grantul CNCSIS 384 din 2005-2006. Echipa de cercetare pentru programul respectiv a cuprins speciali\u015fti din \u00eenv\u0103\u0163\u0103m\u00e2nt \u015fi din practica economic\u0103: prof.univ.dr. Nicoleta JULA \u2013 director de program, prof.univ.dr. Dorel AILENEI, prof. univ. dr. Viorel CORNESCU, prof. univ. dr. Dorin JULA, conf. univ. dr. Dan CONSTANTINESCU, lect. univ. dr. Elena Nolica DRUIC\u0102, lect. univ. dr. Zenovia Maria GRIGORE, lect. univ. Mihaela SUDACEVSCHI, asist. univ. Felicia BUCUR, ec. Marius-Nicolae JULA, \u015f.a.<br \/><br \/>De asemenea, sunt in desf\u0103\u015furare proiecte de colaborare cu institu\u0163ii de \u00eenv\u0103\u0163\u0103m\u00e2nt ori profesionale, na\u0163ionale sau interna\u0163ionale, dintre care pot fi amintite<br \/><br \/>\u00a0\u00a0<strong>&#8211;\u00a0<\/strong><strong>Parteneriat Team Aviation Solution<\/strong>. Organiza\u0163ia non-profit are drept scop promovarea \u015fi diseminarea dreptului aerian, dreptul transporturilor \u015fi elemente de induistrie aeronautic\u0103 prin organizarea de conferin\u0163e, seminare, workshop-uri, cursuri \u015fi alte tipuri de programe de preg\u0103tire profesional\u0103, cercuri de lucru, at\u00e2t \u00een Rom\u00e2nia \u015fi Europa Central\u0103 \u015fi de Est. team Aviation Solution a devenit din ianuarie 2011 partenerul Universit\u0103\u0163ii \u201cNicolae Titulescu\u201d din Bucure\u015fti. \u00cen acest sens, o serie de evenimente \u015fi programe de preg\u0103tire comun\u0103 au fost \u015fi vor fi organizate \u00een str\u00e2ns\u0103 cooperare. Programele organizate de Team Aviation Solution beneficiaz\u0103 de sus\u0163inerea Organiza\u0163iei Avia\u0163iei Civile Interna\u0163ionale (OACI), Institutul Interna\u0163ional de Drept Aerian \u015fi Spa\u0163ial Universitatea Leiden, precum \u015fi de sprijinul Insitutului de Drept Aerian \u015fi Spa\u0163ial Universitatea McGill, Asocia\u0163ia Europeana de Drept Aerian. La nivel na\u0163ional, programele TAS s-au bucurat de suportul Ministerului Transporturilor \u015fi Infrastructurii \u015fi de o colaborare fructuoas\u0103 cu institu\u0163iile din avia\u0163ia civil\u0103.<\/p>\t\t\t\t\t\t<\/div>\n\t\t\t\t<\/div>\n\t\t\t\t\t<\/div>\n\t\t<\/div>\n\t\t\t\t\t<\/div>\n\t\t<\/section>\n\t\t\t\t<\/div>\n\t\t","protected":false},"excerpt":{"rendered":"<p>\u00cen decursul ultimilor ani, \u00een cadrul C.S.J.E.S.A. au fost implementate proiecte importante finantate din fonduri publice, dar si proiecte finantate de mediul privat de afaceri. \u00cen acest sens, pot fi mentionate urmatoarele proiecte de cercetare-dezvoltare: &#8211;\u00a0Proiectul Preg\u0103tire practic\u0103 pentru competitivitate pe pia\u0163a muncii,\u00a0 este o aplica\u0163ie pe programul operational sectorial Dezvoltarea resurselor umane, Axa prioritara [&hellip;]<\/p>\n","protected":false},"author":1,"featured_media":0,"parent":0,"menu_order":0,"comment_status":"closed","ping_status":"closed","template":"","meta":{"footnotes":""},"yoast_head":"<!-- This site is optimized with the Yoast SEO plugin v22.5 - https:\/\/yoast.com\/wordpress\/plugins\/seo\/ -->\n<title>Manifest\u0103ri \u0219tiin\u021bifice. Proiecte - CSJESA - Centrul de Studii Juridice, Economice \u015fi Socio-Administrative<\/title>\n<meta name=\"robots\" content=\"index, follow, max-snippet:-1, max-image-preview:large, max-video-preview:-1\" \/>\n<link rel=\"canonical\" href=\"https:\/\/csjesa.univnt.ro\/index.php\/proiecte\/\" \/>\n<meta property=\"og:locale\" content=\"en_US\" \/>\n<meta property=\"og:type\" content=\"article\" \/>\n<meta property=\"og:title\" content=\"Manifest\u0103ri \u0219tiin\u021bifice. Proiecte - CSJESA - Centrul de Studii Juridice, Economice \u015fi Socio-Administrative\" \/>\n<meta property=\"og:description\" content=\"\u00cen decursul ultimilor ani, \u00een cadrul C.S.J.E.S.A. au fost implementate proiecte importante finantate din fonduri publice, dar si proiecte finantate de mediul privat de afaceri. \u00cen acest sens, pot fi mentionate urmatoarele proiecte de cercetare-dezvoltare: &#8211;\u00a0Proiectul Preg\u0103tire practic\u0103 pentru competitivitate pe pia\u0163a muncii,\u00a0 este o aplica\u0163ie pe programul operational sectorial Dezvoltarea resurselor umane, Axa prioritara [&hellip;]\" \/>\n<meta property=\"og:url\" content=\"https:\/\/csjesa.univnt.ro\/index.php\/proiecte\/\" \/>\n<meta property=\"og:site_name\" content=\"CSJESA - Centrul de Studii Juridice, Economice \u015fi Socio-Administrative\" \/>\n<meta property=\"article:modified_time\" content=\"2023-05-02T11:53:48+00:00\" \/>\n<meta name=\"twitter:card\" content=\"summary_large_image\" \/>\n<script type=\"application\/ld+json\" class=\"yoast-schema-graph\">{\"@context\":\"https:\/\/schema.org\",\"@graph\":[{\"@type\":\"WebPage\",\"@id\":\"https:\/\/csjesa.univnt.ro\/index.php\/proiecte\/\",\"url\":\"https:\/\/csjesa.univnt.ro\/index.php\/proiecte\/\",\"name\":\"Manifest\u0103ri \u0219tiin\u021bifice. Proiecte - CSJESA - Centrul de Studii Juridice, Economice \u015fi Socio-Administrative\",\"isPartOf\":{\"@id\":\"https:\/\/csjesa.univnt.ro\/#website\"},\"datePublished\":\"2022-12-01T11:41:14+00:00\",\"dateModified\":\"2023-05-02T11:53:48+00:00\",\"breadcrumb\":{\"@id\":\"https:\/\/csjesa.univnt.ro\/index.php\/proiecte\/#breadcrumb\"},\"inLanguage\":\"en-US\",\"potentialAction\":[{\"@type\":\"ReadAction\",\"target\":[\"https:\/\/csjesa.univnt.ro\/index.php\/proiecte\/\"]}]},{\"@type\":\"BreadcrumbList\",\"@id\":\"https:\/\/csjesa.univnt.ro\/index.php\/proiecte\/#breadcrumb\",\"itemListElement\":[{\"@type\":\"ListItem\",\"position\":1,\"name\":\"Acas\u0103\",\"item\":\"https:\/\/csjesa.univnt.ro\/\"},{\"@type\":\"ListItem\",\"position\":2,\"name\":\"Manifest\u0103ri \u0219tiin\u021bifice. Proiecte\"}]},{\"@type\":\"WebSite\",\"@id\":\"https:\/\/csjesa.univnt.ro\/#website\",\"url\":\"https:\/\/csjesa.univnt.ro\/\",\"name\":\"CSJESA - Centrul de Studii Juridice, Economice \u015fi Socio-Administrative\",\"description\":\"Centrul de Studii Juridice, Economice \u015fi Socio-Administrative CSJESA\",\"publisher\":{\"@id\":\"https:\/\/csjesa.univnt.ro\/#organization\"},\"potentialAction\":[{\"@type\":\"SearchAction\",\"target\":{\"@type\":\"EntryPoint\",\"urlTemplate\":\"https:\/\/csjesa.univnt.ro\/?s={search_term_string}\"},\"query-input\":\"required name=search_term_string\"}],\"inLanguage\":\"en-US\"},{\"@type\":\"Organization\",\"@id\":\"https:\/\/csjesa.univnt.ro\/#organization\",\"name\":\"CSJESA - Centrul de Studii Juridice, Economice \u015fi Socio-Administrative\",\"url\":\"https:\/\/csjesa.univnt.ro\/\",\"logo\":{\"@type\":\"ImageObject\",\"inLanguage\":\"en-US\",\"@id\":\"https:\/\/csjesa.univnt.ro\/#\/schema\/logo\/image\/\",\"url\":\"https:\/\/csjesa.univnt.ro\/wp-content\/uploads\/2022\/12\/cropped-logo-univnt.png\",\"contentUrl\":\"https:\/\/csjesa.univnt.ro\/wp-content\/uploads\/2022\/12\/cropped-logo-univnt.png\",\"width\":190,\"height\":190,\"caption\":\"CSJESA - Centrul de Studii Juridice, Economice \u015fi Socio-Administrative\"},\"image\":{\"@id\":\"https:\/\/csjesa.univnt.ro\/#\/schema\/logo\/image\/\"}}]}<\/script>\n<!-- \/ Yoast SEO plugin. -->","yoast_head_json":{"title":"Manifest\u0103ri \u0219tiin\u021bifice. Proiecte - CSJESA - Centrul de Studii Juridice, Economice \u015fi Socio-Administrative","robots":{"index":"index","follow":"follow","max-snippet":"max-snippet:-1","max-image-preview":"max-image-preview:large","max-video-preview":"max-video-preview:-1"},"canonical":"https:\/\/csjesa.univnt.ro\/index.php\/proiecte\/","og_locale":"en_US","og_type":"article","og_title":"Manifest\u0103ri \u0219tiin\u021bifice. Proiecte - CSJESA - Centrul de Studii Juridice, Economice \u015fi Socio-Administrative","og_description":"\u00cen decursul ultimilor ani, \u00een cadrul C.S.J.E.S.A. au fost implementate proiecte importante finantate din fonduri publice, dar si proiecte finantate de mediul privat de afaceri. \u00cen acest sens, pot fi mentionate urmatoarele proiecte de cercetare-dezvoltare: &#8211;\u00a0Proiectul Preg\u0103tire practic\u0103 pentru competitivitate pe pia\u0163a muncii,\u00a0 este o aplica\u0163ie pe programul operational sectorial Dezvoltarea resurselor umane, Axa prioritara [&hellip;]","og_url":"https:\/\/csjesa.univnt.ro\/index.php\/proiecte\/","og_site_name":"CSJESA - Centrul de Studii Juridice, Economice \u015fi Socio-Administrative","article_modified_time":"2023-05-02T11:53:48+00:00","twitter_card":"summary_large_image","schema":{"@context":"https:\/\/schema.org","@graph":[{"@type":"WebPage","@id":"https:\/\/csjesa.univnt.ro\/index.php\/proiecte\/","url":"https:\/\/csjesa.univnt.ro\/index.php\/proiecte\/","name":"Manifest\u0103ri \u0219tiin\u021bifice. Proiecte - CSJESA - Centrul de Studii Juridice, Economice \u015fi Socio-Administrative","isPartOf":{"@id":"https:\/\/csjesa.univnt.ro\/#website"},"datePublished":"2022-12-01T11:41:14+00:00","dateModified":"2023-05-02T11:53:48+00:00","breadcrumb":{"@id":"https:\/\/csjesa.univnt.ro\/index.php\/proiecte\/#breadcrumb"},"inLanguage":"en-US","potentialAction":[{"@type":"ReadAction","target":["https:\/\/csjesa.univnt.ro\/index.php\/proiecte\/"]}]},{"@type":"BreadcrumbList","@id":"https:\/\/csjesa.univnt.ro\/index.php\/proiecte\/#breadcrumb","itemListElement":[{"@type":"ListItem","position":1,"name":"Acas\u0103","item":"https:\/\/csjesa.univnt.ro\/"},{"@type":"ListItem","position":2,"name":"Manifest\u0103ri \u0219tiin\u021bifice. Proiecte"}]},{"@type":"WebSite","@id":"https:\/\/csjesa.univnt.ro\/#website","url":"https:\/\/csjesa.univnt.ro\/","name":"CSJESA - Centrul de Studii Juridice, Economice \u015fi Socio-Administrative","description":"Centrul de Studii Juridice, Economice \u015fi Socio-Administrative CSJESA","publisher":{"@id":"https:\/\/csjesa.univnt.ro\/#organization"},"potentialAction":[{"@type":"SearchAction","target":{"@type":"EntryPoint","urlTemplate":"https:\/\/csjesa.univnt.ro\/?s={search_term_string}"},"query-input":"required name=search_term_string"}],"inLanguage":"en-US"},{"@type":"Organization","@id":"https:\/\/csjesa.univnt.ro\/#organization","name":"CSJESA - Centrul de Studii Juridice, Economice \u015fi Socio-Administrative","url":"https:\/\/csjesa.univnt.ro\/","logo":{"@type":"ImageObject","inLanguage":"en-US","@id":"https:\/\/csjesa.univnt.ro\/#\/schema\/logo\/image\/","url":"https:\/\/csjesa.univnt.ro\/wp-content\/uploads\/2022\/12\/cropped-logo-univnt.png","contentUrl":"https:\/\/csjesa.univnt.ro\/wp-content\/uploads\/2022\/12\/cropped-logo-univnt.png","width":190,"height":190,"caption":"CSJESA - Centrul de Studii Juridice, Economice \u015fi Socio-Administrative"},"image":{"@id":"https:\/\/csjesa.univnt.ro\/#\/schema\/logo\/image\/"}}]}},"_links":{"self":[{"href":"https:\/\/csjesa.univnt.ro\/index.php\/wp-json\/wp\/v2\/pages\/17"}],"collection":[{"href":"https:\/\/csjesa.univnt.ro\/index.php\/wp-json\/wp\/v2\/pages"}],"about":[{"href":"https:\/\/csjesa.univnt.ro\/index.php\/wp-json\/wp\/v2\/types\/page"}],"author":[{"embeddable":true,"href":"https:\/\/csjesa.univnt.ro\/index.php\/wp-json\/wp\/v2\/users\/1"}],"replies":[{"embeddable":true,"href":"https:\/\/csjesa.univnt.ro\/index.php\/wp-json\/wp\/v2\/comments?post=17"}],"version-history":[{"count":7,"href":"https:\/\/csjesa.univnt.ro\/index.php\/wp-json\/wp\/v2\/pages\/17\/revisions"}],"predecessor-version":[{"id":932,"href":"https:\/\/csjesa.univnt.ro\/index.php\/wp-json\/wp\/v2\/pages\/17\/revisions\/932"}],"wp:attachment":[{"href":"https:\/\/csjesa.univnt.ro\/index.php\/wp-json\/wp\/v2\/media?parent=17"}],"curies":[{"name":"wp","href":"https:\/\/api.w.org\/{rel}","templated":true}]}}