{"id":249,"date":"2022-12-02T08:43:04","date_gmt":"2022-12-02T08:43:04","guid":{"rendered":"http:\/\/csjesa.univnt.ro\/?page_id=249"},"modified":"2022-12-02T09:17:09","modified_gmt":"2022-12-02T09:17:09","slug":"evenimente","status":"publish","type":"page","link":"https:\/\/csjesa.univnt.ro\/index.php\/evenimente\/","title":{"rendered":"Evenimente"},"content":{"rendered":"\t\t<div data-elementor-type=\"wp-page\" data-elementor-id=\"249\" class=\"elementor elementor-249\">\n\t\t\t\t\t\t<section class=\"elementor-section elementor-top-section elementor-element elementor-element-2934698 elementor-section-boxed elementor-section-height-default elementor-section-height-default\" data-id=\"2934698\" data-element_type=\"section\">\n\t\t\t\t\t\t<div class=\"elementor-container elementor-column-gap-default\">\n\t\t\t\t\t<div class=\"elementor-column elementor-col-100 elementor-top-column elementor-element elementor-element-2f607fe\" data-id=\"2f607fe\" data-element_type=\"column\">\n\t\t\t<div class=\"elementor-widget-wrap elementor-element-populated\">\n\t\t\t\t\t\t<div class=\"elementor-element elementor-element-258e118 elementor-grid-3 elementor-grid-tablet-2 elementor-grid-mobile-1 elementor-posts--thumbnail-top elementor-posts--show-avatar elementor-card-shadow-yes elementor-posts__hover-gradient elementor-widget elementor-widget-posts\" data-id=\"258e118\" data-element_type=\"widget\" data-settings=\"{&quot;cards_columns&quot;:&quot;3&quot;,&quot;cards_columns_tablet&quot;:&quot;2&quot;,&quot;cards_columns_mobile&quot;:&quot;1&quot;,&quot;cards_row_gap&quot;:{&quot;unit&quot;:&quot;px&quot;,&quot;size&quot;:35,&quot;sizes&quot;:[]},&quot;cards_row_gap_tablet&quot;:{&quot;unit&quot;:&quot;px&quot;,&quot;size&quot;:&quot;&quot;,&quot;sizes&quot;:[]},&quot;cards_row_gap_mobile&quot;:{&quot;unit&quot;:&quot;px&quot;,&quot;size&quot;:&quot;&quot;,&quot;sizes&quot;:[]}}\" data-widget_type=\"posts.cards\">\n\t\t\t\t<div class=\"elementor-widget-container\">\n\t\t\t<link rel=\"stylesheet\" href=\"https:\/\/csjesa.univnt.ro\/wp-content\/plugins\/elementor-pro\/assets\/css\/widget-posts.min.css\">\t\t<div class=\"elementor-posts-container elementor-posts elementor-posts--skin-cards elementor-grid\">\n\t\t\t\t<article class=\"elementor-post elementor-grid-item post-416 post type-post status-publish format-standard hentry category-evenimente\">\n\t\t\t<div class=\"elementor-post__card\">\n\t\t\t\t<div class=\"elementor-post__text\">\n\t\t\t\t<h3 class=\"elementor-post__title\">\n\t\t\t<a href=\"https:\/\/csjesa.univnt.ro\/index.php\/lex-et-scientia-international-journal-no-2-vol-xxii-2015\/\" >\n\t\t\t\tLex ET Scientia International Journal &#8211; No. 2, Vol. XXII \/ 2015\t\t\t<\/a>\n\t\t<\/h3>\n\t\t\t\t<div class=\"elementor-post__excerpt\">\n\t\t\t<p>V\u0103 semnal\u0103m apari\u0163ia revistei Lex ET Scientia International Journal &#8211; No. 2, Vol. XXII \/ 2015. Aceasta poate fi consultat\u0103 la adresa web:\u00a0http:\/\/lexetscientia.univnt.ro\/. Din cuprins:<\/p>\n\t\t<\/div>\n\t\t\n\t\t<a class=\"elementor-post__read-more\" href=\"https:\/\/csjesa.univnt.ro\/index.php\/lex-et-scientia-international-journal-no-2-vol-xxii-2015\/\" >\n\t\t\tCite\u0219te \u00bb\t\t<\/a>\n\n\t\t\t\t<\/div>\n\t\t\t\t<div class=\"elementor-post__meta-data\">\n\t\t\t\t\t<span class=\"elementor-post-date\">\n\t\t\tDecember 3, 2022\t\t<\/span>\n\t\t\t\t<\/div>\n\t\t\t\t\t<\/div>\n\t\t<\/article>\n\t\t\t\t<article class=\"elementor-post elementor-grid-item post-410 post type-post status-publish format-standard hentry category-evenimente\">\n\t\t\t<div class=\"elementor-post__card\">\n\t\t\t\t<div class=\"elementor-post__text\">\n\t\t\t\t<h3 class=\"elementor-post__title\">\n\t\t\t<a href=\"https:\/\/csjesa.univnt.ro\/index.php\/alegeri-pentru-functia-de-rector-al-universitatii-nicolae-titulescu-din-bucuresti\/\" >\n\t\t\t\tAlegeri pentru functia de rector al Universitatii Nicolae Titulescu din Bucuresti\t\t\t<\/a>\n\t\t<\/h3>\n\t\t\t\t<div class=\"elementor-post__excerpt\">\n\t\t\t<p>V\u0103 inform\u0103m c\u0103 \u00een data de 4 februarie 2020, \u00een intervalul orar 8.00-16.00, la Departamentul de \u0218tiin\u021be Penale (camera 55, etajul 1) se vor desf\u0103\u0219ura<\/p>\n\t\t<\/div>\n\t\t\n\t\t<a class=\"elementor-post__read-more\" href=\"https:\/\/csjesa.univnt.ro\/index.php\/alegeri-pentru-functia-de-rector-al-universitatii-nicolae-titulescu-din-bucuresti\/\" >\n\t\t\tCite\u0219te \u00bb\t\t<\/a>\n\n\t\t\t\t<\/div>\n\t\t\t\t<div class=\"elementor-post__meta-data\">\n\t\t\t\t\t<span class=\"elementor-post-date\">\n\t\t\tDecember 3, 2022\t\t<\/span>\n\t\t\t\t<\/div>\n\t\t\t\t\t<\/div>\n\t\t<\/article>\n\t\t\t\t<article class=\"elementor-post elementor-grid-item post-412 post type-post status-publish format-standard hentry category-evenimente category-stiri\">\n\t\t\t<div class=\"elementor-post__card\">\n\t\t\t\t<div class=\"elementor-post__text\">\n\t\t\t\t<h3 class=\"elementor-post__title\">\n\t\t\t<a href=\"https:\/\/csjesa.univnt.ro\/index.php\/anunt\/\" >\n\t\t\t\tAnunt\t\t\t<\/a>\n\t\t<\/h3>\n\t\t\t\t<div class=\"elementor-post__excerpt\">\n\t\t\t<p>Dragi colegi, V\u0103 anun\u0163\u0103m c\u0103, anul acesta, conferin\u0163a interna\u0163ional\u0103 \u201cChallenges of the knowledge society\u201d 17-18 mai 2019, se va desf\u0103\u015fura sub patronajul Pre\u015fedin\u0163iei Rom\u00e2niei la<\/p>\n\t\t<\/div>\n\t\t\n\t\t<a class=\"elementor-post__read-more\" href=\"https:\/\/csjesa.univnt.ro\/index.php\/anunt\/\" >\n\t\t\tCite\u0219te \u00bb\t\t<\/a>\n\n\t\t\t\t<\/div>\n\t\t\t\t<div class=\"elementor-post__meta-data\">\n\t\t\t\t\t<span class=\"elementor-post-date\">\n\t\t\tMarch 26, 2019\t\t<\/span>\n\t\t\t\t<\/div>\n\t\t\t\t\t<\/div>\n\t\t<\/article>\n\t\t\t\t<article class=\"elementor-post elementor-grid-item post-414 post type-post status-publish format-standard hentry category-evenimente category-stiri\">\n\t\t\t<div class=\"elementor-post__card\">\n\t\t\t\t<div class=\"elementor-post__text\">\n\t\t\t\t<h3 class=\"elementor-post__title\">\n\t\t\t<a href=\"https:\/\/csjesa.univnt.ro\/index.php\/workshop-100\/\" >\n\t\t\t\tWORKSHOP \u201c100\u201d\t\t\t<\/a>\n\t\t<\/h3>\n\t\t\t\t<div class=\"elementor-post__excerpt\">\n\t\t\t<p>WORKSHOP \u201c100\u201d \u00een cadrul conferin\u0163ei CKS 2018 ce se va desf\u0103\u015fura \u00een intervalul 11-12 mai, va fi organizat workshop-ul \u201c100\u201d dedicat s\u0103rb\u0103toririi centenarului Marii Uniri.<\/p>\n\t\t<\/div>\n\t\t\n\t\t<a class=\"elementor-post__read-more\" href=\"https:\/\/csjesa.univnt.ro\/index.php\/workshop-100\/\" >\n\t\t\tCite\u0219te \u00bb\t\t<\/a>\n\n\t\t\t\t<\/div>\n\t\t\t\t<div class=\"elementor-post__meta-data\">\n\t\t\t\t\t<span class=\"elementor-post-date\">\n\t\t\tMarch 9, 2018\t\t<\/span>\n\t\t\t\t<\/div>\n\t\t\t\t\t<\/div>\n\t\t<\/article>\n\t\t\t\t<article class=\"elementor-post elementor-grid-item post-406 post type-post status-publish format-standard hentry category-evenimente category-stiri\">\n\t\t\t<div class=\"elementor-post__card\">\n\t\t\t\t<div class=\"elementor-post__text\">\n\t\t\t\t<h3 class=\"elementor-post__title\">\n\t\t\t<a href=\"https:\/\/csjesa.univnt.ro\/index.php\/vizita-conf-univ-richard-pospisil-de-la-universitatea-palackeho-olomouc-la-universitatea-nicolae-titulescu\/\" >\n\t\t\t\tVizita Conf. Univ. Richard Pospisil de la Universitatea Palackeho Olomouc la Universitatea \u201c Nicolae Titulescu\u201d\t\t\t<\/a>\n\t\t<\/h3>\n\t\t\t\t<div class=\"elementor-post__excerpt\">\n\t\t\t<p>\u00cen cadrul programului Erasmus, \u00een perioada 14.10.2013-18.10.2013, universitatea noastr\u0103 \u015fi-a deschis por\u0163ile pentru a \u00eent\u00e2mpina vizita conf.univ. Richard Pospisil de la universitatea Palackeho Olomouc \u00een<\/p>\n\t\t<\/div>\n\t\t\n\t\t<a class=\"elementor-post__read-more\" href=\"https:\/\/csjesa.univnt.ro\/index.php\/vizita-conf-univ-richard-pospisil-de-la-universitatea-palackeho-olomouc-la-universitatea-nicolae-titulescu\/\" >\n\t\t\tCite\u0219te \u00bb\t\t<\/a>\n\n\t\t\t\t<\/div>\n\t\t\t\t<div class=\"elementor-post__meta-data\">\n\t\t\t\t\t<span class=\"elementor-post-date\">\n\t\t\tOctober 28, 2013\t\t<\/span>\n\t\t\t\t<\/div>\n\t\t\t\t\t<\/div>\n\t\t<\/article>\n\t\t\t\t<article class=\"elementor-post elementor-grid-item post-443 post type-post status-publish format-standard hentry category-evenimente category-stiri\">\n\t\t\t<div class=\"elementor-post__card\">\n\t\t\t\t<div class=\"elementor-post__text\">\n\t\t\t\t<h3 class=\"elementor-post__title\">\n\t\t\t<a href=\"https:\/\/csjesa.univnt.ro\/index.php\/conferinta-internationala-anuala-in-domeniul-afacerilor-stiintelor-juridice-si-economice-2\/\" >\n\t\t\t\tConferin\u021ba interna\u021bional\u0103 anual\u0103 \u00een domeniul afacerilor, \u0219tiin\u021belor juridice \u0219i economice\t\t\t<\/a>\n\t\t<\/h3>\n\t\t\t\t<div class=\"elementor-post__excerpt\">\n\t\t\t<p>5-8 MAI 2014, ATENA, GRECIA Website:\u00a0http:\/\/www.atiner.gr\/ble.htm Persoan\u0103 de contact: Gregory Papanikos Conferin\u021b\u0103 interna\u021bional\u0103 anual\u0103 ATINER, aflat\u0103 la prima sa edi\u021bie, ofer\u0103 celor interesa\u021bi posibilitatea de<\/p>\n\t\t<\/div>\n\t\t\n\t\t<a class=\"elementor-post__read-more\" href=\"https:\/\/csjesa.univnt.ro\/index.php\/conferinta-internationala-anuala-in-domeniul-afacerilor-stiintelor-juridice-si-economice-2\/\" >\n\t\t\tCite\u0219te \u00bb\t\t<\/a>\n\n\t\t\t\t<\/div>\n\t\t\t\t<div class=\"elementor-post__meta-data\">\n\t\t\t\t\t<span class=\"elementor-post-date\">\n\t\t\tOctober 15, 2013\t\t<\/span>\n\t\t\t\t<\/div>\n\t\t\t\t\t<\/div>\n\t\t<\/article>\n\t\t\t\t<\/div>\n\t\t\n\t\t\t\t<\/div>\n\t\t\t\t<\/div>\n\t\t\t\t\t<\/div>\n\t\t<\/div>\n\t\t\t\t\t<\/div>\n\t\t<\/section>\n\t\t\t\t<\/div>\n\t\t","protected":false},"excerpt":{"rendered":"","protected":false},"author":1,"featured_media":0,"parent":0,"menu_order":0,"comment_status":"closed","ping_status":"closed","template":"","meta":{"footnotes":""},"yoast_head":"<!-- This site is optimized with the Yoast SEO plugin v22.5 - https:\/\/yoast.com\/wordpress\/plugins\/seo\/ -->\n<title>Evenimente - CSJESA - Centrul de Studii Juridice, Economice \u015fi Socio-Administrative<\/title>\n<meta name=\"robots\" content=\"index, follow, max-snippet:-1, max-image-preview:large, max-video-preview:-1\" \/>\n<link rel=\"canonical\" href=\"https:\/\/csjesa.univnt.ro\/index.php\/evenimente\/\" \/>\n<meta property=\"og:locale\" content=\"en_US\" \/>\n<meta property=\"og:type\" content=\"article\" \/>\n<meta property=\"og:title\" content=\"Evenimente - CSJESA - Centrul de Studii Juridice, Economice \u015fi Socio-Administrative\" \/>\n<meta property=\"og:url\" content=\"https:\/\/csjesa.univnt.ro\/index.php\/evenimente\/\" \/>\n<meta property=\"og:site_name\" content=\"CSJESA - Centrul de Studii Juridice, Economice \u015fi Socio-Administrative\" \/>\n<meta property=\"article:modified_time\" content=\"2022-12-02T09:17:09+00:00\" \/>\n<meta name=\"twitter:card\" content=\"summary_large_image\" \/>\n<meta name=\"twitter:label1\" content=\"Est. reading time\" \/>\n\t<meta name=\"twitter:data1\" content=\"1 minute\" \/>\n<script type=\"application\/ld+json\" class=\"yoast-schema-graph\">{\"@context\":\"https:\/\/schema.org\",\"@graph\":[{\"@type\":\"WebPage\",\"@id\":\"https:\/\/csjesa.univnt.ro\/index.php\/evenimente\/\",\"url\":\"https:\/\/csjesa.univnt.ro\/index.php\/evenimente\/\",\"name\":\"Evenimente - CSJESA - Centrul de Studii Juridice, Economice \u015fi Socio-Administrative\",\"isPartOf\":{\"@id\":\"https:\/\/csjesa.univnt.ro\/#website\"},\"datePublished\":\"2022-12-02T08:43:04+00:00\",\"dateModified\":\"2022-12-02T09:17:09+00:00\",\"breadcrumb\":{\"@id\":\"https:\/\/csjesa.univnt.ro\/index.php\/evenimente\/#breadcrumb\"},\"inLanguage\":\"en-US\",\"potentialAction\":[{\"@type\":\"ReadAction\",\"target\":[\"https:\/\/csjesa.univnt.ro\/index.php\/evenimente\/\"]}]},{\"@type\":\"BreadcrumbList\",\"@id\":\"https:\/\/csjesa.univnt.ro\/index.php\/evenimente\/#breadcrumb\",\"itemListElement\":[{\"@type\":\"ListItem\",\"position\":1,\"name\":\"Acas\u0103\",\"item\":\"https:\/\/csjesa.univnt.ro\/\"},{\"@type\":\"ListItem\",\"position\":2,\"name\":\"Evenimente\"}]},{\"@type\":\"WebSite\",\"@id\":\"https:\/\/csjesa.univnt.ro\/#website\",\"url\":\"https:\/\/csjesa.univnt.ro\/\",\"name\":\"CSJESA - Centrul de Studii Juridice, Economice \u015fi Socio-Administrative\",\"description\":\"Centrul de Studii Juridice, Economice \u015fi Socio-Administrative CSJESA\",\"publisher\":{\"@id\":\"https:\/\/csjesa.univnt.ro\/#organization\"},\"potentialAction\":[{\"@type\":\"SearchAction\",\"target\":{\"@type\":\"EntryPoint\",\"urlTemplate\":\"https:\/\/csjesa.univnt.ro\/?s={search_term_string}\"},\"query-input\":\"required name=search_term_string\"}],\"inLanguage\":\"en-US\"},{\"@type\":\"Organization\",\"@id\":\"https:\/\/csjesa.univnt.ro\/#organization\",\"name\":\"CSJESA - Centrul de Studii Juridice, Economice \u015fi Socio-Administrative\",\"url\":\"https:\/\/csjesa.univnt.ro\/\",\"logo\":{\"@type\":\"ImageObject\",\"inLanguage\":\"en-US\",\"@id\":\"https:\/\/csjesa.univnt.ro\/#\/schema\/logo\/image\/\",\"url\":\"https:\/\/csjesa.univnt.ro\/wp-content\/uploads\/2022\/12\/cropped-logo-univnt.png\",\"contentUrl\":\"https:\/\/csjesa.univnt.ro\/wp-content\/uploads\/2022\/12\/cropped-logo-univnt.png\",\"width\":190,\"height\":190,\"caption\":\"CSJESA - Centrul de Studii Juridice, Economice \u015fi Socio-Administrative\"},\"image\":{\"@id\":\"https:\/\/csjesa.univnt.ro\/#\/schema\/logo\/image\/\"}}]}<\/script>\n<!-- \/ Yoast SEO plugin. -->","yoast_head_json":{"title":"Evenimente - CSJESA - Centrul de Studii Juridice, Economice \u015fi Socio-Administrative","robots":{"index":"index","follow":"follow","max-snippet":"max-snippet:-1","max-image-preview":"max-image-preview:large","max-video-preview":"max-video-preview:-1"},"canonical":"https:\/\/csjesa.univnt.ro\/index.php\/evenimente\/","og_locale":"en_US","og_type":"article","og_title":"Evenimente - CSJESA - Centrul de Studii Juridice, Economice \u015fi Socio-Administrative","og_url":"https:\/\/csjesa.univnt.ro\/index.php\/evenimente\/","og_site_name":"CSJESA - Centrul de Studii Juridice, Economice \u015fi Socio-Administrative","article_modified_time":"2022-12-02T09:17:09+00:00","twitter_card":"summary_large_image","twitter_misc":{"Est. reading time":"1 minute"},"schema":{"@context":"https:\/\/schema.org","@graph":[{"@type":"WebPage","@id":"https:\/\/csjesa.univnt.ro\/index.php\/evenimente\/","url":"https:\/\/csjesa.univnt.ro\/index.php\/evenimente\/","name":"Evenimente - CSJESA - Centrul de Studii Juridice, Economice \u015fi Socio-Administrative","isPartOf":{"@id":"https:\/\/csjesa.univnt.ro\/#website"},"datePublished":"2022-12-02T08:43:04+00:00","dateModified":"2022-12-02T09:17:09+00:00","breadcrumb":{"@id":"https:\/\/csjesa.univnt.ro\/index.php\/evenimente\/#breadcrumb"},"inLanguage":"en-US","potentialAction":[{"@type":"ReadAction","target":["https:\/\/csjesa.univnt.ro\/index.php\/evenimente\/"]}]},{"@type":"BreadcrumbList","@id":"https:\/\/csjesa.univnt.ro\/index.php\/evenimente\/#breadcrumb","itemListElement":[{"@type":"ListItem","position":1,"name":"Acas\u0103","item":"https:\/\/csjesa.univnt.ro\/"},{"@type":"ListItem","position":2,"name":"Evenimente"}]},{"@type":"WebSite","@id":"https:\/\/csjesa.univnt.ro\/#website","url":"https:\/\/csjesa.univnt.ro\/","name":"CSJESA - Centrul de Studii Juridice, Economice \u015fi Socio-Administrative","description":"Centrul de Studii Juridice, Economice \u015fi Socio-Administrative CSJESA","publisher":{"@id":"https:\/\/csjesa.univnt.ro\/#organization"},"potentialAction":[{"@type":"SearchAction","target":{"@type":"EntryPoint","urlTemplate":"https:\/\/csjesa.univnt.ro\/?s={search_term_string}"},"query-input":"required name=search_term_string"}],"inLanguage":"en-US"},{"@type":"Organization","@id":"https:\/\/csjesa.univnt.ro\/#organization","name":"CSJESA - Centrul de Studii Juridice, Economice \u015fi Socio-Administrative","url":"https:\/\/csjesa.univnt.ro\/","logo":{"@type":"ImageObject","inLanguage":"en-US","@id":"https:\/\/csjesa.univnt.ro\/#\/schema\/logo\/image\/","url":"https:\/\/csjesa.univnt.ro\/wp-content\/uploads\/2022\/12\/cropped-logo-univnt.png","contentUrl":"https:\/\/csjesa.univnt.ro\/wp-content\/uploads\/2022\/12\/cropped-logo-univnt.png","width":190,"height":190,"caption":"CSJESA - Centrul de Studii Juridice, Economice \u015fi Socio-Administrative"},"image":{"@id":"https:\/\/csjesa.univnt.ro\/#\/schema\/logo\/image\/"}}]}},"_links":{"self":[{"href":"https:\/\/csjesa.univnt.ro\/index.php\/wp-json\/wp\/v2\/pages\/249"}],"collection":[{"href":"https:\/\/csjesa.univnt.ro\/index.php\/wp-json\/wp\/v2\/pages"}],"about":[{"href":"https:\/\/csjesa.univnt.ro\/index.php\/wp-json\/wp\/v2\/types\/page"}],"author":[{"embeddable":true,"href":"https:\/\/csjesa.univnt.ro\/index.php\/wp-json\/wp\/v2\/users\/1"}],"replies":[{"embeddable":true,"href":"https:\/\/csjesa.univnt.ro\/index.php\/wp-json\/wp\/v2\/comments?post=249"}],"version-history":[{"count":8,"href":"https:\/\/csjesa.univnt.ro\/index.php\/wp-json\/wp\/v2\/pages\/249\/revisions"}],"predecessor-version":[{"id":755,"href":"https:\/\/csjesa.univnt.ro\/index.php\/wp-json\/wp\/v2\/pages\/249\/revisions\/755"}],"wp:attachment":[{"href":"https:\/\/csjesa.univnt.ro\/index.php\/wp-json\/wp\/v2\/media?parent=249"}],"curies":[{"name":"wp","href":"https:\/\/api.w.org\/{rel}","templated":true}]}}