{"id":571,"date":"2022-12-01T11:41:14","date_gmt":"2022-12-01T11:41:14","guid":{"rendered":"http:\/\/csjesa.univnt.ro\/?page_id=571"},"modified":"2023-05-02T20:24:15","modified_gmt":"2023-05-02T20:24:15","slug":"projects","status":"publish","type":"page","link":"https:\/\/csjesa.univnt.ro\/index.php\/en\/projects\/","title":{"rendered":"Scientific events. Projects"},"content":{"rendered":"\t\t<div data-elementor-type=\"wp-page\" data-elementor-id=\"571\" class=\"elementor elementor-571\">\n\t\t\t\t\t\t<section class=\"elementor-section elementor-top-section elementor-element elementor-element-790b889 elementor-section-boxed elementor-section-height-default elementor-section-height-default\" data-id=\"790b889\" data-element_type=\"section\">\n\t\t\t\t\t\t<div class=\"elementor-container elementor-column-gap-default\">\n\t\t\t\t\t<div class=\"elementor-column elementor-col-100 elementor-top-column elementor-element elementor-element-f92587b\" data-id=\"f92587b\" data-element_type=\"column\">\n\t\t\t<div class=\"elementor-widget-wrap elementor-element-populated\">\n\t\t\t\t\t\t<div class=\"elementor-element elementor-element-489117f elementor-widget elementor-widget-text-editor\" data-id=\"489117f\" data-element_type=\"widget\" data-widget_type=\"text-editor.default\">\n\t\t\t\t<div class=\"elementor-widget-container\">\n\t\t\t<style>\/*! elementor - v3.21.0 - 18-04-2024 *\/\n.elementor-widget-text-editor.elementor-drop-cap-view-stacked .elementor-drop-cap{background-color:#69727d;color:#fff}.elementor-widget-text-editor.elementor-drop-cap-view-framed .elementor-drop-cap{color:#69727d;border:3px solid;background-color:transparent}.elementor-widget-text-editor:not(.elementor-drop-cap-view-default) .elementor-drop-cap{margin-top:8px}.elementor-widget-text-editor:not(.elementor-drop-cap-view-default) .elementor-drop-cap-letter{width:1em;height:1em}.elementor-widget-text-editor .elementor-drop-cap{float:left;text-align:center;line-height:1;font-size:50px}.elementor-widget-text-editor .elementor-drop-cap-letter{display:inline-block}<\/style>\t\t\t\t<p>In recent years, the \u201eNicolae Titulescu\u201d Research Centre (which aims at building cross-disciplinary collaboration in the fields of Law, Economics, Social and Administrative Sciences) has coordinated important projects, be them publicly or privately financed. Among these projects we could mention the following:<br \/><br \/><strong>\u00a0\u00a0 &#8211;\u00a0Training for competitiveness on the labour market.<\/strong>\u00a0Project general objective &#8211; developing work skills and abilities of students enrolled in higher economic education in order to increase their qualification level, to facilitate their integration on the labour market and to correlate theoretical knowledge with practice. The project aims to correlate the professional training system with the dynamics of the labour market by developing internship student programmes at different companies. Application submitted for the development of human resources sectorial and operational programme, Priority Axis 2 \u2013 Correlating lifelong learning with the labour market; DMI 2.1.Transition from school to active life; Beneficiary: Nicolae titulescu University; Partner: Athenaeum University.<br \/>\u00a0<br \/><strong>\u00a0\u00a0 &#8211;\u00a0<\/strong><strong>Combating and preventing illicit drug traffic and consumption, considering Romania\u2019s integration into the European Union. Measures taken in order to render prevention and combating efficient\u00a0<\/strong>(research contract nr.35\/2006, signed with the Executive Board for Financing University Education and Research); the research team was made up of Prof.Traian Dima, Ph.D. (\u201cNicolae Titulescu\u201d University, project manager), Prof. Augustin Fuerea, Ph.D. (\u201cNicolae Titulescu\u201d University), Lect. Mihai Adrian Hotca, Ph.D. (\u201cNicolae Titulescu\u201d University), Lect. Norel Neagu, Ph.D. (\u201cNicolae Titulescu\u201d University) and Alexandru Cristian Marin; the results of the undertaken academic research were published in two volumes, named:\u00a0<u>Prevenirea\u00a0<\/u><u>\u015fi combaterea traficului \u015fi consumului de droguri \u00een Rom\u00e2nia<\/u>(<em>Preventing and Combating Drug Traffic and Consumption in Romania)<\/em>, Editura Hamangiu (Hamangiu Publishing House), Bucure\u015fti, 2008, Vol. I-Vol. II, ISBN 978-973-1836-89-8<br \/><br \/><strong>\u00a0\u00a0\u00a0\u00a0 &#8211;\u00a0The Penal Trial in Romania, between celerity and legality\u00a0<\/strong>(research contract nr. 727\/2007, signed with the Executive Board for Financing University Education and Research); the research team was made up of Prof. Ion Neagu, Ph.D. (\u201cNicolae Titulescu\u201d University, project manager), Prof. Carmen Silvia Paraschiv, Ph.D. (\u201cTitu Maiorescu\u201d University), Lect. Mircea Damaschin, Ph.D. (\u201cNicolae Titulescu\u201d University), Lect. Mirela Gorunescu, Ph.D. (\u201cAlexandru Ioan Cuza\u201d Police Academy) and Sorin T\u0103nase (Ministry of Justice)<br \/><br \/><strong>\u00a0\u00a0\u00a0\u00a0 &#8211;\u00a0The standardization of judicial practice and its harmonization with the ECHR jurisprudence, a basic requirement for doing justice. Legal proposals for providing unitary judicial practice\u201d<\/strong>\u00a0(research contract nr. 860\/2009, signed with the Executive Board for Financing University Education and Research); the research team is made up of Prof. Mihai Adrian Hotca, Ph.D. (\u201cNicolae Titulescu\u201d University, project manager), Assoc. Prof. Dan Lupa\u015fcu, Ph.D. (\u201cNicolae Titulescu\u201d University\u201d), Assoc. Prof. Mircea Damaschin, Ph.D. (\u201cNicolae Titulescu\u201d University), Assoc. Prof. Beatrice Onica-Jarka, , Ph.D. (\u201cNicolae Titulescu\u201d University);<br \/><br \/><strong>\u00a0\u00a0\u00a0\u00a0 &#8211;\u00a0Fundamentals of European Union Penal Law<\/strong>\u00a0(research contract nr. 27\/2010, signed with the Executive Board for Financing University Education and Research); the research team is made up of Lect. Norel Neagu Ph.D. (\u201cNicolae Titulescu\u201d University, project manager), researcher Tudor Avrigeanu (Romanian Academy) and Assist. Lamya Diana Al-Kawadri, Ph.D. ((\u201cNicolae Titulescu\u201d University).<br \/><br \/><strong>\u00a0\u00a0\u00a0\u00a0 &#8211;\u00a0European integration &#8211; macroeconomic convergence scenarios<\/strong>. Integration cost evaluations was financed by grant CNCSIS 384\/2005-2006. The research team was made up of: academic specialists and practitioners: Nicoleta JULA, Ph.D. Professor \u2013 director of the research program, Dorel AILENEI, Ph.D. Professor, Viorel CORNESCU, Ph.D. Professor, Dorin JULA, Ph.D. Professor, Dan CONSTANTINESCU, Ph.D. Associate Professor, Elena Nolica DRUIC\u0102, Ph.D. Lecturer, Zenovia Maria GRIGORE, Ph.D. Lecturer, Mihaela SUDACEVSCHI, Lecturer, Felicia BUCUR, Teaching Assistant, Marius-Nicolae JULA, economist and others.<br \/><br \/><strong>\u00a0\u00a0\u00a0 &#8211;\u00a0Team Aviation . Team Aviation Soluton (TAS)\u00a0<\/strong>is a non-profit organization whose primar purpose is to promote and diseminate air law, air transport and elements of the aeronautical industry, by organizing conferences, seminars, workshops, courses and other training programs, both in Romania and Central Eastern Europe. In 2011, TAS has become the partner of \u201eNicolae titulescu\u201d University and in this sense, a series of joint events and programs have been and will be organized in strong cooperation. The prorgams organiyed by Team Aviation Solution are supported by the International Civil Aviation Organization (ICAO), the International Institute of Air and Space Law Leiden University, The Institute of Air and Space Law McGill University and the European Air Law Association. At national level, TAS benefited of the support of the Ministry of Transport and Infrastructure.<\/p>\t\t\t\t\t\t<\/div>\n\t\t\t\t<\/div>\n\t\t\t\t\t<\/div>\n\t\t<\/div>\n\t\t\t\t\t<\/div>\n\t\t<\/section>\n\t\t\t\t<\/div>\n\t\t","protected":false},"excerpt":{"rendered":"<p>In recent years, the \u201eNicolae Titulescu\u201d Research Centre (which aims at building cross-disciplinary collaboration in the fields of Law, Economics, Social and Administrative Sciences) has coordinated important projects, be them publicly or privately financed. Among these projects we could mention the following: \u00a0\u00a0 &#8211;\u00a0Training for competitiveness on the labour market.\u00a0Project general objective &#8211; developing work [&hellip;]<\/p>\n","protected":false},"author":1,"featured_media":0,"parent":0,"menu_order":0,"comment_status":"closed","ping_status":"closed","template":"","meta":{"footnotes":""},"yoast_head":"<!-- This site is optimized with the Yoast SEO plugin v22.5 - https:\/\/yoast.com\/wordpress\/plugins\/seo\/ -->\n<title>Scientific events. Projects - CSJESA - Centrul de Studii Juridice, Economice \u015fi Socio-Administrative<\/title>\n<meta name=\"robots\" content=\"index, follow, max-snippet:-1, max-image-preview:large, max-video-preview:-1\" \/>\n<link rel=\"canonical\" href=\"https:\/\/csjesa.univnt.ro\/index.php\/en\/projects\/\" \/>\n<meta property=\"og:locale\" content=\"en_US\" \/>\n<meta property=\"og:type\" content=\"article\" \/>\n<meta property=\"og:title\" content=\"Scientific events. Projects - CSJESA - Centrul de Studii Juridice, Economice \u015fi Socio-Administrative\" \/>\n<meta property=\"og:description\" content=\"In recent years, the \u201eNicolae Titulescu\u201d Research Centre (which aims at building cross-disciplinary collaboration in the fields of Law, Economics, Social and Administrative Sciences) has coordinated important projects, be them publicly or privately financed. Among these projects we could mention the following: \u00a0\u00a0 &#8211;\u00a0Training for competitiveness on the labour market.\u00a0Project general objective &#8211; developing work [&hellip;]\" \/>\n<meta property=\"og:url\" content=\"https:\/\/csjesa.univnt.ro\/index.php\/en\/projects\/\" \/>\n<meta property=\"og:site_name\" content=\"CSJESA - Centrul de Studii Juridice, Economice \u015fi Socio-Administrative\" \/>\n<meta property=\"article:modified_time\" content=\"2023-05-02T20:24:15+00:00\" \/>\n<meta name=\"twitter:card\" content=\"summary_large_image\" \/>\n<script type=\"application\/ld+json\" class=\"yoast-schema-graph\">{\"@context\":\"https:\/\/schema.org\",\"@graph\":[{\"@type\":\"WebPage\",\"@id\":\"https:\/\/csjesa.univnt.ro\/index.php\/en\/projects\/\",\"url\":\"https:\/\/csjesa.univnt.ro\/index.php\/en\/projects\/\",\"name\":\"Scientific events. Projects - CSJESA - Centrul de Studii Juridice, Economice \u015fi Socio-Administrative\",\"isPartOf\":{\"@id\":\"https:\/\/csjesa.univnt.ro\/#website\"},\"datePublished\":\"2022-12-01T11:41:14+00:00\",\"dateModified\":\"2023-05-02T20:24:15+00:00\",\"breadcrumb\":{\"@id\":\"https:\/\/csjesa.univnt.ro\/index.php\/en\/projects\/#breadcrumb\"},\"inLanguage\":\"en-US\",\"potentialAction\":[{\"@type\":\"ReadAction\",\"target\":[\"https:\/\/csjesa.univnt.ro\/index.php\/en\/projects\/\"]}]},{\"@type\":\"BreadcrumbList\",\"@id\":\"https:\/\/csjesa.univnt.ro\/index.php\/en\/projects\/#breadcrumb\",\"itemListElement\":[{\"@type\":\"ListItem\",\"position\":1,\"name\":\"Acas\u0103\",\"item\":\"https:\/\/csjesa.univnt.ro\/\"},{\"@type\":\"ListItem\",\"position\":2,\"name\":\"Scientific events. Projects\"}]},{\"@type\":\"WebSite\",\"@id\":\"https:\/\/csjesa.univnt.ro\/#website\",\"url\":\"https:\/\/csjesa.univnt.ro\/\",\"name\":\"CSJESA - Centrul de Studii Juridice, Economice \u015fi Socio-Administrative\",\"description\":\"Centrul de Studii Juridice, Economice \u015fi Socio-Administrative CSJESA\",\"publisher\":{\"@id\":\"https:\/\/csjesa.univnt.ro\/#organization\"},\"potentialAction\":[{\"@type\":\"SearchAction\",\"target\":{\"@type\":\"EntryPoint\",\"urlTemplate\":\"https:\/\/csjesa.univnt.ro\/?s={search_term_string}\"},\"query-input\":\"required name=search_term_string\"}],\"inLanguage\":\"en-US\"},{\"@type\":\"Organization\",\"@id\":\"https:\/\/csjesa.univnt.ro\/#organization\",\"name\":\"CSJESA - Centrul de Studii Juridice, Economice \u015fi Socio-Administrative\",\"url\":\"https:\/\/csjesa.univnt.ro\/\",\"logo\":{\"@type\":\"ImageObject\",\"inLanguage\":\"en-US\",\"@id\":\"https:\/\/csjesa.univnt.ro\/#\/schema\/logo\/image\/\",\"url\":\"https:\/\/csjesa.univnt.ro\/wp-content\/uploads\/2022\/12\/cropped-logo-univnt.png\",\"contentUrl\":\"https:\/\/csjesa.univnt.ro\/wp-content\/uploads\/2022\/12\/cropped-logo-univnt.png\",\"width\":190,\"height\":190,\"caption\":\"CSJESA - Centrul de Studii Juridice, Economice \u015fi Socio-Administrative\"},\"image\":{\"@id\":\"https:\/\/csjesa.univnt.ro\/#\/schema\/logo\/image\/\"}}]}<\/script>\n<!-- \/ Yoast SEO plugin. -->","yoast_head_json":{"title":"Scientific events. Projects - CSJESA - Centrul de Studii Juridice, Economice \u015fi Socio-Administrative","robots":{"index":"index","follow":"follow","max-snippet":"max-snippet:-1","max-image-preview":"max-image-preview:large","max-video-preview":"max-video-preview:-1"},"canonical":"https:\/\/csjesa.univnt.ro\/index.php\/en\/projects\/","og_locale":"en_US","og_type":"article","og_title":"Scientific events. Projects - CSJESA - Centrul de Studii Juridice, Economice \u015fi Socio-Administrative","og_description":"In recent years, the \u201eNicolae Titulescu\u201d Research Centre (which aims at building cross-disciplinary collaboration in the fields of Law, Economics, Social and Administrative Sciences) has coordinated important projects, be them publicly or privately financed. Among these projects we could mention the following: \u00a0\u00a0 &#8211;\u00a0Training for competitiveness on the labour market.\u00a0Project general objective &#8211; developing work [&hellip;]","og_url":"https:\/\/csjesa.univnt.ro\/index.php\/en\/projects\/","og_site_name":"CSJESA - Centrul de Studii Juridice, Economice \u015fi Socio-Administrative","article_modified_time":"2023-05-02T20:24:15+00:00","twitter_card":"summary_large_image","schema":{"@context":"https:\/\/schema.org","@graph":[{"@type":"WebPage","@id":"https:\/\/csjesa.univnt.ro\/index.php\/en\/projects\/","url":"https:\/\/csjesa.univnt.ro\/index.php\/en\/projects\/","name":"Scientific events. Projects - CSJESA - Centrul de Studii Juridice, Economice \u015fi Socio-Administrative","isPartOf":{"@id":"https:\/\/csjesa.univnt.ro\/#website"},"datePublished":"2022-12-01T11:41:14+00:00","dateModified":"2023-05-02T20:24:15+00:00","breadcrumb":{"@id":"https:\/\/csjesa.univnt.ro\/index.php\/en\/projects\/#breadcrumb"},"inLanguage":"en-US","potentialAction":[{"@type":"ReadAction","target":["https:\/\/csjesa.univnt.ro\/index.php\/en\/projects\/"]}]},{"@type":"BreadcrumbList","@id":"https:\/\/csjesa.univnt.ro\/index.php\/en\/projects\/#breadcrumb","itemListElement":[{"@type":"ListItem","position":1,"name":"Acas\u0103","item":"https:\/\/csjesa.univnt.ro\/"},{"@type":"ListItem","position":2,"name":"Scientific events. Projects"}]},{"@type":"WebSite","@id":"https:\/\/csjesa.univnt.ro\/#website","url":"https:\/\/csjesa.univnt.ro\/","name":"CSJESA - Centrul de Studii Juridice, Economice \u015fi Socio-Administrative","description":"Centrul de Studii Juridice, Economice \u015fi Socio-Administrative CSJESA","publisher":{"@id":"https:\/\/csjesa.univnt.ro\/#organization"},"potentialAction":[{"@type":"SearchAction","target":{"@type":"EntryPoint","urlTemplate":"https:\/\/csjesa.univnt.ro\/?s={search_term_string}"},"query-input":"required name=search_term_string"}],"inLanguage":"en-US"},{"@type":"Organization","@id":"https:\/\/csjesa.univnt.ro\/#organization","name":"CSJESA - Centrul de Studii Juridice, Economice \u015fi Socio-Administrative","url":"https:\/\/csjesa.univnt.ro\/","logo":{"@type":"ImageObject","inLanguage":"en-US","@id":"https:\/\/csjesa.univnt.ro\/#\/schema\/logo\/image\/","url":"https:\/\/csjesa.univnt.ro\/wp-content\/uploads\/2022\/12\/cropped-logo-univnt.png","contentUrl":"https:\/\/csjesa.univnt.ro\/wp-content\/uploads\/2022\/12\/cropped-logo-univnt.png","width":190,"height":190,"caption":"CSJESA - Centrul de Studii Juridice, Economice \u015fi Socio-Administrative"},"image":{"@id":"https:\/\/csjesa.univnt.ro\/#\/schema\/logo\/image\/"}}]}},"_links":{"self":[{"href":"https:\/\/csjesa.univnt.ro\/index.php\/wp-json\/wp\/v2\/pages\/571"}],"collection":[{"href":"https:\/\/csjesa.univnt.ro\/index.php\/wp-json\/wp\/v2\/pages"}],"about":[{"href":"https:\/\/csjesa.univnt.ro\/index.php\/wp-json\/wp\/v2\/types\/page"}],"author":[{"embeddable":true,"href":"https:\/\/csjesa.univnt.ro\/index.php\/wp-json\/wp\/v2\/users\/1"}],"replies":[{"embeddable":true,"href":"https:\/\/csjesa.univnt.ro\/index.php\/wp-json\/wp\/v2\/comments?post=571"}],"version-history":[{"count":5,"href":"https:\/\/csjesa.univnt.ro\/index.php\/wp-json\/wp\/v2\/pages\/571\/revisions"}],"predecessor-version":[{"id":955,"href":"https:\/\/csjesa.univnt.ro\/index.php\/wp-json\/wp\/v2\/pages\/571\/revisions\/955"}],"wp:attachment":[{"href":"https:\/\/csjesa.univnt.ro\/index.php\/wp-json\/wp\/v2\/media?parent=571"}],"curies":[{"name":"wp","href":"https:\/\/api.w.org\/{rel}","templated":true}]}}