{"id":919,"date":"2023-04-28T11:30:43","date_gmt":"2023-04-28T11:30:43","guid":{"rendered":"https:\/\/csjesa.univnt.ro\/?page_id=919"},"modified":"2024-09-20T10:16:36","modified_gmt":"2024-09-20T10:16:36","slug":"documente-2023","status":"publish","type":"page","link":"https:\/\/csjesa.univnt.ro\/index.php\/documente\/documente-2023\/","title":{"rendered":"Documente 2023"},"content":{"rendered":"\t\t<div data-elementor-type=\"wp-page\" data-elementor-id=\"919\" class=\"elementor elementor-919\">\n\t\t\t\t\t\t<section class=\"elementor-section elementor-top-section elementor-element elementor-element-7b33228 elementor-section-boxed elementor-section-height-default elementor-section-height-default\" data-id=\"7b33228\" data-element_type=\"section\">\n\t\t\t\t\t\t<div class=\"elementor-container elementor-column-gap-default\">\n\t\t\t\t\t<div class=\"elementor-column elementor-col-100 elementor-top-column elementor-element elementor-element-2c6642a\" data-id=\"2c6642a\" data-element_type=\"column\">\n\t\t\t<div class=\"elementor-widget-wrap elementor-element-populated\">\n\t\t\t\t\t\t<div class=\"elementor-element elementor-element-3eb0849 elementor-widget elementor-widget-text-editor\" data-id=\"3eb0849\" data-element_type=\"widget\" data-widget_type=\"text-editor.default\">\n\t\t\t\t<div class=\"elementor-widget-container\">\n\t\t\t<style>\/*! elementor - v3.21.0 - 18-04-2024 *\/\n.elementor-widget-text-editor.elementor-drop-cap-view-stacked .elementor-drop-cap{background-color:#69727d;color:#fff}.elementor-widget-text-editor.elementor-drop-cap-view-framed .elementor-drop-cap{color:#69727d;border:3px solid;background-color:transparent}.elementor-widget-text-editor:not(.elementor-drop-cap-view-default) .elementor-drop-cap{margin-top:8px}.elementor-widget-text-editor:not(.elementor-drop-cap-view-default) .elementor-drop-cap-letter{width:1em;height:1em}.elementor-widget-text-editor .elementor-drop-cap{float:left;text-align:center;line-height:1;font-size:50px}.elementor-widget-text-editor .elementor-drop-cap-letter{display:inline-block}<\/style>\t\t\t\t<table width=\"582\"><tbody><tr><td><a href=\"https:\/\/csjesa.univnt.ro\/wp-content\/uploads\/Documente\/rapoarte\/2023_Raport_CERCETARE_UNT_2023.pdf\">2023 &#8211; Raportul cercetarii stiintifice in Universitatea &#8220;Nicolae Titulescu&#8221; din Bucuresti<\/a><\/td><\/tr><tr><td><a href=\"https:\/\/csjesa.univnt.ro\/wp-content\/uploads\/Documente\/rapoarte\/2023_RaportGeneralCompletareSectiuni_DR.pdf\">2023 &#8211; Raportul cercet\u0103rii \u015ftiin\u0163ifice la Facultatea de Drept<\/a><\/td><\/tr><tr><td><a href=\"https:\/\/csjesa.univnt.ro\/wp-content\/uploads\/Documente\/rapoarte\/2023_RaportGeneralCompletareSectiuni_SE.pdf\">2023 &#8211; Raportul cercet\u0103rii \u015ftiin\u0163ifice la Facultatea de Economie \u015fi Administrarea Afacerilor<\/a><\/td><\/tr><tr><td width=\"582\"><a href=\"https:\/\/csjesa.univnt.ro\/wp-content\/uploads\/Documente\/rapoarte\/2023_RaportGeneralCompletareSectiuni_SSA.pdf\">2023 &#8211; Raportul cercet\u0103rii \u015ftiin\u0163ifice la Facultatea de Rela\u0163ii Interna\u0163ionale \u015fi Administrative<\/a><\/td><\/tr><tr><td><a href=\"https:\/\/csjesa.univnt.ro\/wp-content\/uploads\/Documente\/plan_cercetare\/Planul cercetarii 2023.pdf\">2023 &#8211; Planul cercet\u0103rii<\/a><\/td><\/tr><\/tbody><\/table>\t\t\t\t\t\t<\/div>\n\t\t\t\t<\/div>\n\t\t\t\t\t<\/div>\n\t\t<\/div>\n\t\t\t\t\t<\/div>\n\t\t<\/section>\n\t\t\t\t<\/div>\n\t\t","protected":false},"excerpt":{"rendered":"<p>2023 &#8211; Raportul cercetarii stiintifice in Universitatea &#8220;Nicolae Titulescu&#8221; din Bucuresti 2023 &#8211; Raportul cercet\u0103rii \u015ftiin\u0163ifice la Facultatea de Drept 2023 &#8211; Raportul cercet\u0103rii \u015ftiin\u0163ifice la Facultatea de Economie \u015fi Administrarea Afacerilor 2023 &#8211; Raportul cercet\u0103rii \u015ftiin\u0163ifice la Facultatea de Rela\u0163ii Interna\u0163ionale \u015fi Administrative 2023 &#8211; Planul cercet\u0103rii<\/p>\n","protected":false},"author":1,"featured_media":0,"parent":15,"menu_order":0,"comment_status":"closed","ping_status":"closed","template":"","meta":{"footnotes":""},"yoast_head":"<!-- This site is optimized with the Yoast SEO plugin v22.5 - https:\/\/yoast.com\/wordpress\/plugins\/seo\/ -->\n<title>Documente 2023 - CSJESA - Centrul de Studii Juridice, Economice \u015fi Socio-Administrative<\/title>\n<meta name=\"robots\" content=\"index, follow, max-snippet:-1, max-image-preview:large, max-video-preview:-1\" \/>\n<link rel=\"canonical\" href=\"https:\/\/csjesa.univnt.ro\/index.php\/documente\/documente-2023\/\" \/>\n<meta property=\"og:locale\" content=\"en_US\" \/>\n<meta property=\"og:type\" content=\"article\" \/>\n<meta property=\"og:title\" content=\"Documente 2023 - CSJESA - Centrul de Studii Juridice, Economice \u015fi Socio-Administrative\" \/>\n<meta property=\"og:description\" content=\"2023 &#8211; Raportul cercetarii stiintifice in Universitatea &#8220;Nicolae Titulescu&#8221; din Bucuresti 2023 &#8211; Raportul cercet\u0103rii \u015ftiin\u0163ifice la Facultatea de Drept 2023 &#8211; Raportul cercet\u0103rii \u015ftiin\u0163ifice la Facultatea de Economie \u015fi Administrarea Afacerilor 2023 &#8211; Raportul cercet\u0103rii \u015ftiin\u0163ifice la Facultatea de Rela\u0163ii Interna\u0163ionale \u015fi Administrative 2023 &#8211; Planul cercet\u0103rii\" \/>\n<meta property=\"og:url\" content=\"https:\/\/csjesa.univnt.ro\/index.php\/documente\/documente-2023\/\" \/>\n<meta property=\"og:site_name\" content=\"CSJESA - Centrul de Studii Juridice, Economice \u015fi Socio-Administrative\" \/>\n<meta property=\"article:modified_time\" content=\"2024-09-20T10:16:36+00:00\" \/>\n<meta name=\"twitter:card\" content=\"summary_large_image\" \/>\n<meta name=\"twitter:label1\" content=\"Est. reading time\" \/>\n\t<meta name=\"twitter:data1\" content=\"1 minute\" \/>\n<script type=\"application\/ld+json\" class=\"yoast-schema-graph\">{\"@context\":\"https:\/\/schema.org\",\"@graph\":[{\"@type\":\"WebPage\",\"@id\":\"https:\/\/csjesa.univnt.ro\/index.php\/documente\/documente-2023\/\",\"url\":\"https:\/\/csjesa.univnt.ro\/index.php\/documente\/documente-2023\/\",\"name\":\"Documente 2023 - CSJESA - Centrul de Studii Juridice, Economice \u015fi Socio-Administrative\",\"isPartOf\":{\"@id\":\"https:\/\/csjesa.univnt.ro\/#website\"},\"datePublished\":\"2023-04-28T11:30:43+00:00\",\"dateModified\":\"2024-09-20T10:16:36+00:00\",\"breadcrumb\":{\"@id\":\"https:\/\/csjesa.univnt.ro\/index.php\/documente\/documente-2023\/#breadcrumb\"},\"inLanguage\":\"en-US\",\"potentialAction\":[{\"@type\":\"ReadAction\",\"target\":[\"https:\/\/csjesa.univnt.ro\/index.php\/documente\/documente-2023\/\"]}]},{\"@type\":\"BreadcrumbList\",\"@id\":\"https:\/\/csjesa.univnt.ro\/index.php\/documente\/documente-2023\/#breadcrumb\",\"itemListElement\":[{\"@type\":\"ListItem\",\"position\":1,\"name\":\"Acas\u0103\",\"item\":\"https:\/\/csjesa.univnt.ro\/\"},{\"@type\":\"ListItem\",\"position\":2,\"name\":\"Documente\",\"item\":\"https:\/\/csjesa.univnt.ro\/index.php\/documente\/\"},{\"@type\":\"ListItem\",\"position\":3,\"name\":\"Documente 2023\"}]},{\"@type\":\"WebSite\",\"@id\":\"https:\/\/csjesa.univnt.ro\/#website\",\"url\":\"https:\/\/csjesa.univnt.ro\/\",\"name\":\"CSJESA - Centrul de Studii Juridice, Economice \u015fi Socio-Administrative\",\"description\":\"Centrul de Studii Juridice, Economice \u015fi Socio-Administrative CSJESA\",\"publisher\":{\"@id\":\"https:\/\/csjesa.univnt.ro\/#organization\"},\"potentialAction\":[{\"@type\":\"SearchAction\",\"target\":{\"@type\":\"EntryPoint\",\"urlTemplate\":\"https:\/\/csjesa.univnt.ro\/?s={search_term_string}\"},\"query-input\":\"required name=search_term_string\"}],\"inLanguage\":\"en-US\"},{\"@type\":\"Organization\",\"@id\":\"https:\/\/csjesa.univnt.ro\/#organization\",\"name\":\"CSJESA - Centrul de Studii Juridice, Economice \u015fi Socio-Administrative\",\"url\":\"https:\/\/csjesa.univnt.ro\/\",\"logo\":{\"@type\":\"ImageObject\",\"inLanguage\":\"en-US\",\"@id\":\"https:\/\/csjesa.univnt.ro\/#\/schema\/logo\/image\/\",\"url\":\"https:\/\/csjesa.univnt.ro\/wp-content\/uploads\/2022\/12\/cropped-logo-univnt.png\",\"contentUrl\":\"https:\/\/csjesa.univnt.ro\/wp-content\/uploads\/2022\/12\/cropped-logo-univnt.png\",\"width\":190,\"height\":190,\"caption\":\"CSJESA - Centrul de Studii Juridice, Economice \u015fi Socio-Administrative\"},\"image\":{\"@id\":\"https:\/\/csjesa.univnt.ro\/#\/schema\/logo\/image\/\"}}]}<\/script>\n<!-- \/ Yoast SEO plugin. -->","yoast_head_json":{"title":"Documente 2023 - CSJESA - Centrul de Studii Juridice, Economice \u015fi Socio-Administrative","robots":{"index":"index","follow":"follow","max-snippet":"max-snippet:-1","max-image-preview":"max-image-preview:large","max-video-preview":"max-video-preview:-1"},"canonical":"https:\/\/csjesa.univnt.ro\/index.php\/documente\/documente-2023\/","og_locale":"en_US","og_type":"article","og_title":"Documente 2023 - CSJESA - Centrul de Studii Juridice, Economice \u015fi Socio-Administrative","og_description":"2023 &#8211; Raportul cercetarii stiintifice in Universitatea &#8220;Nicolae Titulescu&#8221; din Bucuresti 2023 &#8211; Raportul cercet\u0103rii \u015ftiin\u0163ifice la Facultatea de Drept 2023 &#8211; Raportul cercet\u0103rii \u015ftiin\u0163ifice la Facultatea de Economie \u015fi Administrarea Afacerilor 2023 &#8211; Raportul cercet\u0103rii \u015ftiin\u0163ifice la Facultatea de Rela\u0163ii Interna\u0163ionale \u015fi Administrative 2023 &#8211; Planul cercet\u0103rii","og_url":"https:\/\/csjesa.univnt.ro\/index.php\/documente\/documente-2023\/","og_site_name":"CSJESA - Centrul de Studii Juridice, Economice \u015fi Socio-Administrative","article_modified_time":"2024-09-20T10:16:36+00:00","twitter_card":"summary_large_image","twitter_misc":{"Est. reading time":"1 minute"},"schema":{"@context":"https:\/\/schema.org","@graph":[{"@type":"WebPage","@id":"https:\/\/csjesa.univnt.ro\/index.php\/documente\/documente-2023\/","url":"https:\/\/csjesa.univnt.ro\/index.php\/documente\/documente-2023\/","name":"Documente 2023 - CSJESA - Centrul de Studii Juridice, Economice \u015fi Socio-Administrative","isPartOf":{"@id":"https:\/\/csjesa.univnt.ro\/#website"},"datePublished":"2023-04-28T11:30:43+00:00","dateModified":"2024-09-20T10:16:36+00:00","breadcrumb":{"@id":"https:\/\/csjesa.univnt.ro\/index.php\/documente\/documente-2023\/#breadcrumb"},"inLanguage":"en-US","potentialAction":[{"@type":"ReadAction","target":["https:\/\/csjesa.univnt.ro\/index.php\/documente\/documente-2023\/"]}]},{"@type":"BreadcrumbList","@id":"https:\/\/csjesa.univnt.ro\/index.php\/documente\/documente-2023\/#breadcrumb","itemListElement":[{"@type":"ListItem","position":1,"name":"Acas\u0103","item":"https:\/\/csjesa.univnt.ro\/"},{"@type":"ListItem","position":2,"name":"Documente","item":"https:\/\/csjesa.univnt.ro\/index.php\/documente\/"},{"@type":"ListItem","position":3,"name":"Documente 2023"}]},{"@type":"WebSite","@id":"https:\/\/csjesa.univnt.ro\/#website","url":"https:\/\/csjesa.univnt.ro\/","name":"CSJESA - Centrul de Studii Juridice, Economice \u015fi Socio-Administrative","description":"Centrul de Studii Juridice, Economice \u015fi Socio-Administrative CSJESA","publisher":{"@id":"https:\/\/csjesa.univnt.ro\/#organization"},"potentialAction":[{"@type":"SearchAction","target":{"@type":"EntryPoint","urlTemplate":"https:\/\/csjesa.univnt.ro\/?s={search_term_string}"},"query-input":"required name=search_term_string"}],"inLanguage":"en-US"},{"@type":"Organization","@id":"https:\/\/csjesa.univnt.ro\/#organization","name":"CSJESA - Centrul de Studii Juridice, Economice \u015fi Socio-Administrative","url":"https:\/\/csjesa.univnt.ro\/","logo":{"@type":"ImageObject","inLanguage":"en-US","@id":"https:\/\/csjesa.univnt.ro\/#\/schema\/logo\/image\/","url":"https:\/\/csjesa.univnt.ro\/wp-content\/uploads\/2022\/12\/cropped-logo-univnt.png","contentUrl":"https:\/\/csjesa.univnt.ro\/wp-content\/uploads\/2022\/12\/cropped-logo-univnt.png","width":190,"height":190,"caption":"CSJESA - Centrul de Studii Juridice, Economice \u015fi Socio-Administrative"},"image":{"@id":"https:\/\/csjesa.univnt.ro\/#\/schema\/logo\/image\/"}}]}},"_links":{"self":[{"href":"https:\/\/csjesa.univnt.ro\/index.php\/wp-json\/wp\/v2\/pages\/919"}],"collection":[{"href":"https:\/\/csjesa.univnt.ro\/index.php\/wp-json\/wp\/v2\/pages"}],"about":[{"href":"https:\/\/csjesa.univnt.ro\/index.php\/wp-json\/wp\/v2\/types\/page"}],"author":[{"embeddable":true,"href":"https:\/\/csjesa.univnt.ro\/index.php\/wp-json\/wp\/v2\/users\/1"}],"replies":[{"embeddable":true,"href":"https:\/\/csjesa.univnt.ro\/index.php\/wp-json\/wp\/v2\/comments?post=919"}],"version-history":[{"count":7,"href":"https:\/\/csjesa.univnt.ro\/index.php\/wp-json\/wp\/v2\/pages\/919\/revisions"}],"predecessor-version":[{"id":986,"href":"https:\/\/csjesa.univnt.ro\/index.php\/wp-json\/wp\/v2\/pages\/919\/revisions\/986"}],"up":[{"embeddable":true,"href":"https:\/\/csjesa.univnt.ro\/index.php\/wp-json\/wp\/v2\/pages\/15"}],"wp:attachment":[{"href":"https:\/\/csjesa.univnt.ro\/index.php\/wp-json\/wp\/v2\/media?parent=919"}],"curies":[{"name":"wp","href":"https:\/\/api.w.org\/{rel}","templated":true}]}}